{"id":7932,"date":"2016-09-07T11:02:00","date_gmt":"2016-09-07T10:02:00","guid":{"rendered":"http:\/\/www.bbmag.co.uk\/pt-br\/make-artists-london\/"},"modified":"2019-08-07T13:49:51","modified_gmt":"2019-08-07T12:49:51","slug":"maquiadores-londres","status":"publish","type":"page","link":"https:\/\/www.bbmag.co.uk\/pt-br\/maquiadores-londres\/","title":{"rendered":"Maquiadores em Londres e no Reino Unido"},"content":{"rendered":"<div class=\"row cf\"><div class=\"column one-1\"><\/div><div class=\"column two-third\"><div class=\"row cf\"><\/div>\n<div class=\"column one-1\"><\/div>\n<img decoding=\"async\" src=\"http:\/\/www.bbmag.co.uk\/wp-content\/uploads\/2016\/09\/maquiagem.jpg\" alt=\"Maquiadores em Londres\" \/><\/p>\n<h1 style=\"font-size: 15px; text-align: center;\">Maquiadores em Londres e no Reino Unido<\/h1>\n<h2 style=\"font-size: 15px; text-align: justify;\"><\/h2>\n<p>Voc\u00ea sabe onde encontrar os melhores <strong>maquiadores brasileiros em Londres<\/strong> e em demais cidades do Reino Unido?<\/p>\n<p>O BBMAG Diret\u00f3rio de Neg\u00f3cios fez uma lista com os melhores <strong>maquiadores brasileiros em Londres<\/strong>\u00a0e em demais cidades do Reino Unido.. Confira!<\/p>\n<p style=\"text-align: justify;\">Ao contatar os nossos anunciantes e parceiros, <strong>mencione sempre o BBMAG Diret\u00f3rio de Neg\u00f3cios<\/strong> para receber pre\u00e7os e condi\u00e7\u00f5es especiais.<\/p>\n<p style=\"text-align: justify;\"><a href=\"\/?page_id=7799\"><span style=\"color: #0000ff;\"><u>Voltar \u00e0 p\u00e1gina principal do BBMAG Diret\u00f3rio de Neg\u00f3cios<\/u><\/span><\/a><\/p>\n<p><em>Quer fazer parte da lista principal e ganhar maior destaque para o seu neg\u00f3cio? Entre em contato<span style=\"color: #000080;\"><strong> <a style=\"color: #000080;\" href=\"\/?page_id=2681\">conosco<\/a><\/strong><\/span>!<\/em><\/p>\n<p class=\"p1\"><strong><span class=\"s1\">BBMAG Diret\u00f3rio<\/span><\/strong><\/p>\n<table width=\"100%\">\n<tbody>\n<tr>\n<td width=\"50%\">Erica Maquiadora<\/td>\n<td width=\"50%\">07825 840 733<\/td>\n<\/tr>\n<tr>\n<td>Juli Anna &#8211; Permanent Makeup Art<\/td>\n<td>07789 374 427<\/td>\n<\/tr>\n<\/tbody>\n<\/table>\n<p><em>A informa\u00e7\u00e3o acima \u00e9 de responsabilidade dos anunciantes.<\/em><br \/>\n<\/div><div class=\"column one-third\">\n<!-- Either there are no banners, they are disabled or none qualified for this location! -->\n<\/div><\/div>\n<div class=\"sc-toggle\"><div class=\"sc-toggle-title\"><a href=\"#\">SAIBA MAIS<\/a><\/div><div class=\"sc-toggle-content\">\n<p>J\u00e1 viu nossa lista com os melhores maquiadores brasileiros e profissionais especializados em maquiagem em Londres e em demais cidades do Reino Unido? \u00a0Venha ver!<\/p>\n<p style=\"font-size: 15px; text-align: justify;\">Quando se fala de maquiagem, o Brasil \u00e9 um dos pa\u00edses que mais entende do assunto.<\/p>\n<p style=\"text-align: justify;\">Com grande talento para tudo o que envolve est\u00e9tica, as maquiadoras e maquiadores brasileiros s\u00e3o muito requisitados e, com um cuidado especial e admir\u00e1vel valoriza\u00e7\u00e3o da riqueza de detalhes nos desenhos, na paleta de cores e nas formas, s\u00e3o capazes de realizar trabalhos de maquiagem de qualidade \u00fanica.<\/p>\n<p style=\"text-align: justify;\">Se voc\u00ea est\u00e1 procurando por boas maquiadoras, confira algumas dicas para escolher uma profissional\u00a0de qualidade e confian\u00e7a.<br \/>\nSolicite previamente o portf\u00f3lio com alguns dos trabalhos realizados pelo maquiador. Observe as op\u00e7\u00f5es de\u00a0maquiagem especial para noivas que o profissional apresenta. Desta maneira, \u00e9 poss\u00edvel ter uma vis\u00e3o pr\u00e9via do estilo e tra\u00e7os do maquiador. Al\u00e9m disso, selecione algumas inspira\u00e7\u00f5es do modelo de maquiagem que voc\u00ea deseja e converse com o profissional para chegar a um consenso.<br \/>\nFa\u00e7a uma busca em redes sociais e converse com outras clientes deste profissional para assegurar que o maquiador possua uma reputa\u00e7\u00e3o positiva. Esse tipo de pesquisa evita a contrata\u00e7\u00e3o de um profissional que n\u00e3o possua compromisso com hor\u00e1rios, datas, etc. Pontualidade \u00e9 algo indispens\u00e1vel, principalmente se for um maquiador de noivas.<br \/>\nOutra dica muito importante quando se fala em escolher um maquiador, \u00e9 realizar o teste pr\u00e9vio de maquiagem. Marque um dia para testar todas as op\u00e7\u00f5es e acertar exatamente quais ser\u00e3o a maquiagem e cabelo usados no dia. Fotografe e guarde os registros para assegurar que o trabalho combinado no teste seja o mesmo realizado no dia da celebra\u00e7\u00e3o.<\/p>\n<p style=\"text-align: justify;\">Agora que voc\u00ea j\u00e1 sabe como escolher, j\u00e1 pode partir para a escolha. Para isso, o BBMAG Diret\u00f3rio de Neg\u00f3cios fez uma lista com os melhores maquiadores brasileiros e <strong>profissionais especializados em maquiagem em Londres<\/strong> e em demais cidades do Reino Unido, dispostos a atend\u00ea-la com aten\u00e7\u00e3o e dedica\u00e7\u00e3o. Confira!<\/p>\n<p style=\"text-align: justify;\"><\/div><\/div>\n\n","protected":false},"excerpt":{"rendered":"","protected":false},"author":72,"featured_media":0,"parent":0,"menu_order":0,"comment_status":"closed","ping_status":"closed","template":"","meta":{"footnotes":""},"class_list":["post-7932","page","type-page","status-publish"],"jetpack-related-posts":[],"jetpack_sharing_enabled":true,"_links":{"self":[{"href":"https:\/\/www.bbmag.co.uk\/pt-br\/wp-json\/wp\/v2\/pages\/7932","targetHints":{"allow":["GET"]}}],"collection":[{"href":"https:\/\/www.bbmag.co.uk\/pt-br\/wp-json\/wp\/v2\/pages"}],"about":[{"href":"https:\/\/www.bbmag.co.uk\/pt-br\/wp-json\/wp\/v2\/types\/page"}],"author":[{"embeddable":true,"href":"https:\/\/www.bbmag.co.uk\/pt-br\/wp-json\/wp\/v2\/users\/72"}],"replies":[{"embeddable":true,"href":"https:\/\/www.bbmag.co.uk\/pt-br\/wp-json\/wp\/v2\/comments?post=7932"}],"version-history":[{"count":0,"href":"https:\/\/www.bbmag.co.uk\/pt-br\/wp-json\/wp\/v2\/pages\/7932\/revisions"}],"wp:attachment":[{"href":"https:\/\/www.bbmag.co.uk\/pt-br\/wp-json\/wp\/v2\/media?parent=7932"}],"curies":[{"name":"wp","href":"https:\/\/api.w.org\/{rel}","templated":true}]}}