{"id":7935,"date":"2016-09-07T11:03:02","date_gmt":"2016-09-07T10:03:02","guid":{"rendered":"http:\/\/www.bbmag.co.uk\/pt-br\/manicure-pedicure-london\/"},"modified":"2019-08-07T13:49:41","modified_gmt":"2019-08-07T12:49:41","slug":"manicure-pedicure-londres","status":"publish","type":"page","link":"https:\/\/www.bbmag.co.uk\/pt-br\/manicure-pedicure-londres\/","title":{"rendered":"Manicure &#038; Pedicure em Londres e no Reino Unido"},"content":{"rendered":"<div class=\"row cf\"><div class=\"column one-1\"><\/div><div class=\"column two-third\"><div class=\"row cf\"><\/div>\n<div class=\"column one-1\"><\/div>\n<img decoding=\"async\" src=\"http:\/\/www.bbmag.co.uk\/wp-content\/uploads\/2016\/09\/manicures_pedicures.jpg\" alt=\"Manicure e Pedicure em Londres\" \/><\/p>\n<h1 style=\"font-size: 15px; text-align: center;\">Manicure &amp; Pedicure em Londres e no Reino Unido<\/h1>\n<h2 style=\"font-size: 15px; text-align: justify;\"><\/h2>\n<p>\u00c0s vezes \u00e9 dif\u00edcil encontrar servi\u00e7os e profissionais de<strong>\u00a0<\/strong><strong>manicure e pedicure no estilo brasileiro em Londres, mas com essa pr\u00e1tica lista isso fica bem mais f\u00e1cil!<\/strong><\/p>\n<p>Confira e fique, literalmente, em boas m\u00e3os!<\/p>\n<p style=\"text-align: justify;\">Ao contatar os nossos anunciantes e parceiros, <strong>mencione sempre o BBMAG Diret\u00f3rio de Neg\u00f3cios<\/strong> para receber pre\u00e7os e condi\u00e7\u00f5es especiais.<\/p>\n<p style=\"text-align: justify;\"><a href=\"\/?page_id=7799\"><span style=\"color: #0000ff;\"><u>Voltar \u00e0 p\u00e1gina principal do BBMAG Diret\u00f3rio de Neg\u00f3cios<\/u><\/span><\/a><\/p>\n<p class=\"p1\" style=\"text-align: justify;\"><em>Quer fazer\u00a0parte da lista principal e ganhar mais visibilidade para o seu neg\u00f3cio? Entre em contato <span style=\"color: #000080;\"><a style=\"color: #000080;\" href=\"\/?page_id=2681\"><strong>conosco<\/strong><\/a><\/span>.<\/em><\/p>\n<p class=\"p1\"><strong><span class=\"s1\">BBMAG Diret\u00f3rio<\/span><\/strong><\/p>\n<table width=\"100%\">\n<tbody>\n<tr>\n<td>Victoria Secrets Nails<\/td>\n<td>07718 201 058<\/td>\n<\/tr>\n<tr>\n<td>Viviane<\/td>\n<td>07438 415 808<\/td>\n<\/tr>\n<\/tbody>\n<\/table>\n<p><em>A informa\u00e7\u00e3o acima \u00e9 de responsabilidade dos anunciantes.<\/em><br \/>\n<\/div><div class=\"column one-third\">\n<!-- Either there are no banners, they are disabled or none qualified for this location! -->\n<\/div><\/div>\n<div class=\"sc-toggle\"><div class=\"sc-toggle-title\"><a href=\"#\">SAIBA MAIS<\/a><\/div><div class=\"sc-toggle-content\">\n<p>Para encontrar as melhores cl\u00ednicas, estabelecimentos e profissionais de manicure e pedicure brasileira em Londres, confira esta nossa lista!<\/p>\n<p style=\"font-size: 15px; text-align: justify;\">O ato de <strong>cuidar das unhas<\/strong> das m\u00e3os e dos p\u00e9s se tornou uma marca registrada das mulheres brasileiras.<\/p>\n<p style=\"text-align: justify;\">No Brasil, o costume \u00e9 usar esse servi\u00e7o at\u00e9 uma vez por semana, mas quando se mudam para outros pa\u00edses elas encontram dificuldades para encontrar servi\u00e7os e profissionais que fazer<strong> manicure e pedicure no estilo brasileiro<\/strong> \u2013 considerado o mais completo e refer\u00eancia mundial no segmento.<\/p>\n<p style=\"text-align: justify;\">Ao procurar locais que fa\u00e7am esse servi\u00e7os, confira algumas dicas para encontrar o melhor estabelecimento e garantir que voc\u00ea estar\u00e1, literalmente, em boas m\u00e3os.<\/p>\n<p style=\"text-align: justify;\">Revise as\u00a0marcas dos produtos\u00a0que usam para as suas unhas. O ideal \u00e9 que n\u00e3o coloquem uma base de uma marca, o esmalte de outra e o brilho de outra. Um bom sal\u00e3o deve saber a import\u00e2ncia de ter tudo da mesma marca. Aplicar o esmalte diretamente na unhas sem passar uma base antes \u00e9 um erro imperdo\u00e1vel, j\u00e1 que a base protege dos pigmentos do esmalte e evitam que as\u00a0unhas fiquem amareladas\u00a0ou vermelhas depois de retirar a cor.<\/p>\n<p style=\"text-align: justify;\">A maior preocupa\u00e7\u00e3o de uma profissional ser\u00e1 a sa\u00fade das suas unhas, o que significa que cuidar\u00e1 para que a marca dos produtos que utiliza\u00a0n\u00e3o tenham componentes t\u00f3xicos\u00a0e danifiquem a sa\u00fade das unhas, tenha em conta sempre isso quando visite um sal\u00e3o e revise os ingredientes de cada produto,<\/p>\n<p style=\"text-align: justify;\">Uma\u00a0boa profissional\u00a0sabe que deve higienizar a \u00e1rea de trabalho antes de realizar cada servi\u00e7o: as t\u00e9cnicas que desinfetam as suas m\u00e3os com um produto especial, far\u00e3o o mesmo em suas m\u00e3os. Isso impede o cont\u00e1gio de germes comuns.<\/p>\n<p style=\"text-align: justify;\">Em estabelecimentos de qualidade, usa-se material descart\u00e1vel como m\u00e1scaras, luvas, etc., para garantir uma maior seguran\u00e7a para as clientes e proporcionar uma experi\u00eancia \u00fanica em cada visita.<\/p>\n<p style=\"text-align: justify;\"><\/div><\/div>\n\n","protected":false},"excerpt":{"rendered":"","protected":false},"author":72,"featured_media":0,"parent":0,"menu_order":0,"comment_status":"closed","ping_status":"closed","template":"","meta":{"footnotes":""},"class_list":["post-7935","page","type-page","status-publish"],"jetpack-related-posts":[],"jetpack_sharing_enabled":true,"_links":{"self":[{"href":"https:\/\/www.bbmag.co.uk\/pt-br\/wp-json\/wp\/v2\/pages\/7935","targetHints":{"allow":["GET"]}}],"collection":[{"href":"https:\/\/www.bbmag.co.uk\/pt-br\/wp-json\/wp\/v2\/pages"}],"about":[{"href":"https:\/\/www.bbmag.co.uk\/pt-br\/wp-json\/wp\/v2\/types\/page"}],"author":[{"embeddable":true,"href":"https:\/\/www.bbmag.co.uk\/pt-br\/wp-json\/wp\/v2\/users\/72"}],"replies":[{"embeddable":true,"href":"https:\/\/www.bbmag.co.uk\/pt-br\/wp-json\/wp\/v2\/comments?post=7935"}],"version-history":[{"count":0,"href":"https:\/\/www.bbmag.co.uk\/pt-br\/wp-json\/wp\/v2\/pages\/7935\/revisions"}],"wp:attachment":[{"href":"https:\/\/www.bbmag.co.uk\/pt-br\/wp-json\/wp\/v2\/media?parent=7935"}],"curies":[{"name":"wp","href":"https:\/\/api.w.org\/{rel}","templated":true}]}}