{"id":7938,"date":"2016-09-07T11:05:43","date_gmt":"2016-09-07T10:05:43","guid":{"rendered":"http:\/\/www.bbmag.co.uk\/pt-br\/nutritionists-in-london\/"},"modified":"2019-08-07T13:50:39","modified_gmt":"2019-08-07T12:50:39","slug":"nutricionistas-londres","status":"publish","type":"page","link":"https:\/\/www.bbmag.co.uk\/pt-br\/nutricionistas-londres\/","title":{"rendered":"Nutricionistas em Londres e no Reino Unido"},"content":{"rendered":"<div class=\"row cf\"><div class=\"column one-1\"><\/div><div class=\"column two-third\"><div class=\"row cf\"><\/div>\n<div class=\"column one-1\"><\/div>\n<img decoding=\"async\" src=\"http:\/\/www.bbmag.co.uk\/wp-content\/uploads\/2016\/09\/nutricionistas.jpg\" alt=\"Nutricionistas em Londres\" \/><\/p>\n<h1 style=\"font-size: 15px; text-align: center;\">Nutricionistas em Londres e no Reino Unido<\/h1>\n<h2 style=\"font-size: 15px;\"><\/h2>\n<p>Para auxiliar voc\u00ea a encontrar os melhores <strong>nutricionistas brasileiros em Londres<\/strong>, o BBMAG Diret\u00f3rio de Neg\u00f3cios oferece esta lista de contatos de<strong> profissionais de nutri\u00e7\u00e3o e <\/strong>amigos da\u00a0<strong>comunidade brasileira em Londres<\/strong>. Confira e marque j\u00e1 o seu hor\u00e1rio!<\/p>\n<p style=\"text-align: justify;\">Ao contatar os nossos anunciantes e parceiros, <strong>mencione sempre o BBMAG Diret\u00f3rio de Neg\u00f3cios<\/strong> para receber pre\u00e7os e condi\u00e7\u00f5es especiais.<\/p>\n<p style=\"text-align: justify;\"><u>Voltar \u00e0 p\u00e1gina principal do BBMAG Diret\u00f3rio de Neg\u00f3cios<\/u><\/p>\n<p class=\"p1\" style=\"text-align: justify;\"><em>Quer fazer\u00a0parte da lista principal e ganhar mais visibilidade para o seu neg\u00f3cio? Entre em contato <span style=\"color: #000080;\"><a style=\"color: #000080;\" href=\"\/?page_id=2681\"><strong>conosco<\/strong><\/a>.<\/span><\/em><\/p>\n<p class=\"p1\"><strong><span class=\"s1\">BBMAG Diret\u00f3rio<\/span><\/strong><\/p>\n<table width=\"100%\">\n<tbody>\n<tr>\n<td>Carolina Capellari Simon<\/td>\n<td>07756 988 135<\/td>\n<\/tr>\n<tr>\n<td>Weightmedics<\/td>\n<td>020 7760 7674<\/td>\n<\/tr>\n<\/tbody>\n<\/table>\n<p><em>A informa\u00e7\u00e3o acima \u00e9 de responsabilidade dos anunciantes.<\/em><br \/>\n<\/div><div class=\"column one-third\">\n<!-- Either there are no banners, they are disabled or none qualified for this location! -->\n<\/div><\/div>\n<div class=\"sc-toggle\"><div class=\"sc-toggle-title\"><a href=\"#\">SAIBA MAIS<\/a><\/div><div class=\"sc-toggle-content\">\n<p>Preparamos uma lista com os contatos dos principais nutricionistas e profissionais de nutri\u00e7\u00e3o brasileiros ou amigos da comunidade brasileira em Londres. Confira!<\/p>\n<p>Quando o assunto \u00e9 perder peso ou ganhar m\u00fasculos, \u00e9 muito importante contar com a orienta\u00e7\u00e3o de um nutricionista para ter h\u00e1bitos alimentares mais saud\u00e1veis em meio a uma vida extremamente agitada.<\/p>\n<p>Pouca gente sabe, mas existem diferentes tipos de nutricionista e saber escolher quem melhor atender\u00e1 as necessidades de cada um \u00e9 fundamental para vencer o desafio da boa forma.<\/p>\n<p>Para encontrar o nutricionista que atender\u00e1 \u00e0s suas expectativas, voc\u00ea deve considerar quais s\u00e3o os seus objetivos em rela\u00e7\u00e3o \u00e0 alimenta\u00e7\u00e3o e como \u00e9 a sua rotina di\u00e1ria. Para come\u00e7ar, voc\u00ea precisa entender que os benef\u00edcios alcan\u00e7ados a partir da atua\u00e7\u00e3o de um nutricionista v\u00e3o muito al\u00e9m da conquista de um corpo sarado.<\/p>\n<p style=\"text-align: justify;\">O nutricionista \u00e9 o profissional de n\u00edvel superior graduado em Nutri\u00e7\u00e3o. A partir dos conhecimentos sobre a composi\u00e7\u00e3o dos alimentos e a rela\u00e7\u00e3o dos nutrientes com a sa\u00fade do organismo, ele \u00e9 capaz de elaborar planos alimentares personalizados, de acordo com as caracter\u00edsticas, as necessidades e as demandas de cada pessoa.<\/p>\n<p style=\"text-align: justify;\">Os objetivos da interven\u00e7\u00e3o do nutricionista podem incluir o emagrecimento, o\u00a0ganho de massa muscular, o combate ao envelhecimento ou\u00a0at\u00e9 mesmo\u00a0a preven\u00e7\u00e3o e o tratamento de doen\u00e7as como a diabetes e o c\u00e2ncer, entre outras metas.<\/p>\n<p style=\"text-align: justify;\">Desse modo, a principal contribui\u00e7\u00e3o do nutricionista no cuidado com a sa\u00fade diz respeito \u00e0 reeduca\u00e7\u00e3o alimentar, que \u00e9 o processo pelo qual ele ensina aos pacientes a import\u00e2ncia de se ter uma dieta rica e balanceada. Os bons h\u00e1bitos alimentares garantem que o organismo tenha acesso aos grupos de nutrientes necess\u00e1rios para o bom funcionamento de todos os \u00f3rg\u00e3os e sistemas.<\/p>\n<p style=\"text-align: justify;\">\u00c9 importante destacar que o resultado da alimenta\u00e7\u00e3o saud\u00e1vel n\u00e3o \u00e9 apenas a boa forma e a sa\u00fade f\u00edsica, mas tamb\u00e9m a melhoria do estado emocional e psicol\u00f3gico dos indiv\u00edduos.<\/p>\n<p style=\"text-align: justify;\">Para auxiliar voc\u00ea a encontrar os melhores profissionais, o BBMAG Diret\u00f3rio de Neg\u00f3cios oferece esta lista com os contatos dos principais nutricionistas e profissionais de nutri\u00e7\u00e3o brasileiros ou amigos da <strong>comunidade brasileira em Londres<\/strong>. Confira e marque j\u00e1 o seu hor\u00e1rio<\/p>\n<p style=\"text-align: justify;\"><\/div><\/div>\n\n","protected":false},"excerpt":{"rendered":"","protected":false},"author":72,"featured_media":0,"parent":0,"menu_order":0,"comment_status":"closed","ping_status":"closed","template":"","meta":{"footnotes":""},"class_list":["post-7938","page","type-page","status-publish"],"jetpack-related-posts":[],"jetpack_sharing_enabled":true,"_links":{"self":[{"href":"https:\/\/www.bbmag.co.uk\/pt-br\/wp-json\/wp\/v2\/pages\/7938","targetHints":{"allow":["GET"]}}],"collection":[{"href":"https:\/\/www.bbmag.co.uk\/pt-br\/wp-json\/wp\/v2\/pages"}],"about":[{"href":"https:\/\/www.bbmag.co.uk\/pt-br\/wp-json\/wp\/v2\/types\/page"}],"author":[{"embeddable":true,"href":"https:\/\/www.bbmag.co.uk\/pt-br\/wp-json\/wp\/v2\/users\/72"}],"replies":[{"embeddable":true,"href":"https:\/\/www.bbmag.co.uk\/pt-br\/wp-json\/wp\/v2\/comments?post=7938"}],"version-history":[{"count":0,"href":"https:\/\/www.bbmag.co.uk\/pt-br\/wp-json\/wp\/v2\/pages\/7938\/revisions"}],"wp:attachment":[{"href":"https:\/\/www.bbmag.co.uk\/pt-br\/wp-json\/wp\/v2\/media?parent=7938"}],"curies":[{"name":"wp","href":"https:\/\/api.w.org\/{rel}","templated":true}]}}