{"id":7944,"date":"2016-09-07T11:10:55","date_gmt":"2016-09-07T10:10:55","guid":{"rendered":"http:\/\/www.bbmag.co.uk\/pt-br\/removal-van-hire-london\/"},"modified":"2019-08-07T13:50:28","modified_gmt":"2019-08-07T12:50:28","slug":"mudancas-transportes-londres","status":"publish","type":"page","link":"https:\/\/www.bbmag.co.uk\/pt-br\/mudancas-transportes-londres\/","title":{"rendered":"Mudan\u00e7as &#038; Transportes em Londres e no Reino Unido"},"content":{"rendered":"<div class=\"row cf\"><div class=\"column one-1\"><\/div><div class=\"column two-third\"><div class=\"row cf\"><\/div>\n<div class=\"column one-1\"><\/div>\n<img decoding=\"async\" src=\"http:\/\/www.bbmag.co.uk\/wp-content\/uploads\/2016\/09\/mudancas_transportes.jpg\" alt=\"Mudan\u00e7as e transportes em Londres\" \/><\/p>\n<h1 style=\"font-size: 15px; text-align: center;\">Mudan\u00e7as &amp; Transportes em Londres e no Reino Unido<\/h1>\n<p>Se voc\u00ea procura por\u00a0<strong>empresas de mudan\u00e7as e transportes em Londres,<\/strong>\u00a0vans, caminh\u00f5es de mudan\u00e7a, motoristas brasileiros, servi\u00e7os de transporte internacional e <strong>transporte de carga na Inglaterra<\/strong>, confira a nossa lista com as op\u00e7\u00f5es que voc\u00ea precisa!<\/p>\n<p style=\"text-align: justify;\">Ao contatar os anunciantes e parceiros da BBMag, <strong>mencione sempre a revista Bossa Brazil Magazine (BBMAG)<\/strong>, sua revista brasileira em Londres para receber pre\u00e7os e condi\u00e7\u00f5es especiais.<\/p>\n<p style=\"text-align: justify;\"><a href=\"\/?page_id=7799\"><span style=\"color: #0000ff;\"><u>Voltar \u00e0 p\u00e1gina principal do BBMag Diret\u00f3rio de Neg\u00f3cios<\/u><\/span><\/a><\/p>\n<p><em>Quer fazer parte da lista principal e ganhar maior destaque para o seu neg\u00f3cio? Entre em contato<span style=\"color: #000080;\"><strong> <a style=\"color: #000080;\" href=\"\/?page_id=8277\">conosco<\/a><\/strong><\/span>!<\/em><\/p>\n<p><strong><span class=\"s1\">BBMAG Diret\u00f3rio<\/span><\/strong><\/p>\n<table width=\"100%\">\n<tbody>\n<tr>\n<td width=\"50%\">A-Z Removals<\/td>\n<td width=\"50%\">07912 626 541<\/td>\n<\/tr>\n<tr>\n<td>Azurro Removals<\/td>\n<td>07756 245 254<\/td>\n<\/tr>\n<tr>\n<td>Brunca Removals<\/td>\n<td>07435 867 512<\/td>\n<\/tr>\n<tr>\n<td>Dudu<\/td>\n<td>07951 245 269<\/td>\n<\/tr>\n<tr>\n<td>F &amp; F Transportes<\/td>\n<td>07838 549 820<\/td>\n<\/tr>\n<tr>\n<td>Gvans &#8211; Mudan\u00e7as em geral<\/td>\n<td>07474 440 262<\/td>\n<\/tr>\n<tr>\n<td>Jos\u00e9 Van Service<\/td>\n<td>07783 021 417<\/td>\n<\/tr>\n<tr>\n<td>Molina Removals<\/td>\n<td>07719 356 029<\/td>\n<\/tr>\n<tr>\n<td>Paulinho Big Van<\/td>\n<td>07816 370 574<\/td>\n<\/tr>\n<tr>\n<td>Tony Van<\/td>\n<td>07710 251 699<\/td>\n<\/tr>\n<tr>\n<td>Top Man Van<\/td>\n<td>07889 859 802<\/td>\n<\/tr>\n<tr>\n<td>Vetro Removals<\/td>\n<td>07540 834 323<\/td>\n<\/tr>\n<tr>\n<td>Wendel Mudan\u00e7as<\/td>\n<td>07588 706 313<\/td>\n<\/tr>\n<tr>\n<td width=\"50%\">Fortis International<\/td>\n<td width=\"50%\">020 8123 2728<\/td>\n<\/tr>\n<tr>\n<td>LEVO &amp; TRAGO<\/td>\n<td>07955 373 690<\/td>\n<\/tr>\n<tr>\n<td>Pack and Go<\/td>\n<td>01895 420 303<\/td>\n<\/tr>\n<\/tbody>\n<\/table>\n<p><em>A informa\u00e7\u00e3o acima \u00e9 de responsabilidade dos anunciantes.<\/em><br \/>\n<\/div><div class=\"column one-third\">\n<!-- Either there are no banners, they are disabled or none qualified for this location! -->\n<\/div><\/div>\n<div class=\"sc-toggle\"><div class=\"sc-toggle-title\"><a href=\"#\">SAIBA MAIS<\/a><\/div><div class=\"sc-toggle-content\">\n<p style=\"text-align: justify;\">Veja essa lista com empresas de transportes em Londres, vans, caminh\u00f5es de mudan\u00e7a, motoristas brasileiros, servi\u00e7os de transporte internacional e transporte de carga na Inglaterra!<\/p>\n<p style=\"text-align: justify;\">Mudan\u00e7as s\u00e3o partes da vida. Para crescermos e avan\u00e7armos em dire\u00e7\u00e3o ao que acreditamos e buscamos, muitas vezes \u00e9 necess\u00e1rio arrumar nossas malas, empacotar nossos pertences e partir para um novo destino que nos trar\u00e1 mais realiza\u00e7\u00f5es ou felicidades no futuro.<\/p>\n<p style=\"text-align: justify;\">Todos que j\u00e1 fizeram mudan\u00e7as \u2013 seja de uma cidade para outra ou at\u00e9 para outro pa\u00eds \u2013 sabem o quanto \u00e9 uma atividade desgastante e que requer grandes doses de planejamento antecipado e a ajuda de profissionais especializados para evitar maiores dores de cabe\u00e7a.<\/p>\n<p style=\"text-align: justify;\">Por onde come\u00e7ar a empacotar, de que maneira e com que material empacotar os diferentes tipos de m\u00f3veis, caixas e pertences \u2013 desde os maiores em tamanho, como pianos, camas e mesas at\u00e9 os menores e mais fr\u00e1geis como lou\u00e7as de porcelana, quadros e objetos de decora\u00e7\u00e3o. Todas essas s\u00e3o quest\u00f5es que povoam a mente de quem est\u00e1 come\u00e7ando a planejar uma mudan\u00e7a.<\/p>\n<p style=\"text-align: justify;\">Ap\u00f3s o processo de empacotamento, a quest\u00e3o log\u00edstica come\u00e7a a se fazer presente. Como \u00e9 a melhor maneira de transportar a sua mudan\u00e7a? Voc\u00ea vai precisar de um caminh\u00e3o pequeno ou um maior? Que tipo de profissional tem experi\u00eancia e autoriza\u00e7\u00e3o para circular pela cidade com ve\u00edculos de transporte de cargas? Voc\u00ea precisa somente de uma van e um motorista para ajudar com a mudan\u00e7a?<\/p>\n<p style=\"text-align: justify;\">\u00c9 a\u00ed que aparecem os profissionais em mudan\u00e7as e transportes, que possuem conhecimento especializado para auxili\u00e1-lo tanto no planejamento quanto na execu\u00e7\u00e3o e realiza\u00e7\u00e3o da mudan\u00e7a.<\/p>\n<p style=\"text-align: justify;\">Quando voc\u00ea contrata os profissionais certos, a qualidade do transporte da sua mudan\u00e7a ser\u00e1 garantida e voc\u00ea pode ter a tranquilidade de saber que os seus bens e pertences chegar\u00e3o com seguran\u00e7a no destino. Estar em um pa\u00eds diferente pode gerar ainda mais dificuldades nessa busca pelo profissional adequado.<\/p>\n<p style=\"text-align: justify;\">Neste sentido, fazer mudan\u00e7a no Reino Unido fica muito mais f\u00e1cil quando voc\u00ea tem uma transportadora de confian\u00e7a e que tenha expertise em fazer mudan\u00e7as para brasileiros \u2013 muitas inclusive oferecem atendimento em portugu\u00eas.<\/p>\n<p style=\"text-align: justify;\">Se voc\u00ea procura por <strong>empresas de transportes em Londres,<\/strong> vans, caminh\u00f5es de mudan\u00e7a, motoristas brasileiros, servi\u00e7os de transporte internacional e transporte de carga na Inglaterra, confira esta nossa lista com as op\u00e7\u00f5es que voc\u00ea precisa!<\/p>\n<p style=\"text-align: justify;\"><\/div><\/div>\n\n","protected":false},"excerpt":{"rendered":"","protected":false},"author":72,"featured_media":0,"parent":0,"menu_order":0,"comment_status":"closed","ping_status":"closed","template":"page-blocks.php","meta":{"footnotes":""},"class_list":["post-7944","page","type-page","status-publish"],"jetpack-related-posts":[],"jetpack_sharing_enabled":true,"_links":{"self":[{"href":"https:\/\/www.bbmag.co.uk\/pt-br\/wp-json\/wp\/v2\/pages\/7944","targetHints":{"allow":["GET"]}}],"collection":[{"href":"https:\/\/www.bbmag.co.uk\/pt-br\/wp-json\/wp\/v2\/pages"}],"about":[{"href":"https:\/\/www.bbmag.co.uk\/pt-br\/wp-json\/wp\/v2\/types\/page"}],"author":[{"embeddable":true,"href":"https:\/\/www.bbmag.co.uk\/pt-br\/wp-json\/wp\/v2\/users\/72"}],"replies":[{"embeddable":true,"href":"https:\/\/www.bbmag.co.uk\/pt-br\/wp-json\/wp\/v2\/comments?post=7944"}],"version-history":[{"count":0,"href":"https:\/\/www.bbmag.co.uk\/pt-br\/wp-json\/wp\/v2\/pages\/7944\/revisions"}],"wp:attachment":[{"href":"https:\/\/www.bbmag.co.uk\/pt-br\/wp-json\/wp\/v2\/media?parent=7944"}],"curies":[{"name":"wp","href":"https:\/\/api.w.org\/{rel}","templated":true}]}}