{"id":7950,"date":"2016-09-07T11:39:03","date_gmt":"2016-09-07T10:39:03","guid":{"rendered":"http:\/\/www.bbmag.co.uk\/pt-br\/services-in-london\/"},"modified":"2019-08-07T13:52:59","modified_gmt":"2019-08-07T12:52:59","slug":"servicos-produtos-diversos-londres","status":"publish","type":"page","link":"https:\/\/www.bbmag.co.uk\/pt-br\/servicos-produtos-diversos-londres\/","title":{"rendered":"Servi\u00e7os e Produtos Diversos em Londres e no Reino Unido"},"content":{"rendered":"<div class=\"row cf\"><div class=\"column one-1\"><\/div><div class=\"column two-third\"><div class=\"row cf\"><\/div>\n<div class=\"column one-1\"><\/div>\n<img decoding=\"async\" src=\"http:\/\/www.bbmag.co.uk\/wp-content\/uploads\/2016\/09\/servicos_diversos.jpg\" alt=\"Servi\u00e7os Diversos em Londres\" \/><\/p>\n<p style=\"text-align: center;\"><strong>Servi\u00e7os e Produtos Diversos em Londres e no Reino Unido<\/strong><\/p>\n<h1 style=\"font-size: 15px; text-align: justify;\"><\/h1>\n<p>Decidir entre os milhares de <strong>prestadores de servi\u00e7os brasileiros e para as com unidades de l\u00edngua portuguesa em Londres<\/strong> pode ser um desafio, mas ao acessar o BBMag Diret\u00f3rio de Neg\u00f3cios voc\u00ea n\u00e3o ter\u00e1 mais d\u00favida na hora de escolher.<\/p>\n<p>Listamos os contatos dos mais variados profissionais aut\u00f4nomos que atuam prestando<strong>\u00a0<\/strong><strong>servi\u00e7os diversos em Londres<\/strong>\u00a0e trazendo produtos diversos brasileiros em Londres al\u00e9m das demais cidades do Reino Unido. Confira abaixo e entre em contato com o profissional de sua prefer\u00eancia!<\/p>\n<p style=\"text-align: justify;\">Ao contatar os nossos anunciantes e parceiros, <strong>mencione sempre o BBMAG Diret\u00f3rio de Neg\u00f3cios<\/strong> para receber pre\u00e7os e condi\u00e7\u00f5es especiais.<\/p>\n<p style=\"text-align: justify;\"><a href=\"\/?page_id=7799\"><span style=\"color: #0000ff;\"><u>Voltar \u00e0 p\u00e1gina principal do BBMAG Diret\u00f3rio de Neg\u00f3cios<\/u><\/span><\/a><\/p>\n<p class=\"p1\"><em>Quer fazer parte da lista principal e ganhar maior destaque para o seu neg\u00f3cio? Entre em contato<span style=\"color: #000080;\"><strong> <a style=\"color: #000080;\" href=\"\/?page_id=2681\">conosco<\/a><\/strong><\/span>!<\/em><\/p>\n<p class=\"p1\"><strong><span class=\"s1\">BBMAG Diret\u00f3rio<\/span><\/strong><\/p>\n<table width=\"100%\">\n<tbody>\n<tr>\n<td width=\"50%\">Afia\u00e7\u00e3o-venda de alicates<\/td>\n<td width=\"50%\">07596 432 722<\/td>\n<\/tr>\n<tr>\n<td>Amolador de alicate<\/td>\n<td>07912 622 010<\/td>\n<\/tr>\n<tr>\n<td width=\"50%\">Atelier de Personalizados &#8211; Viviane Marques<\/td>\n<td>077 52664899<\/td>\n<\/tr>\n<tr>\n<td width=\"50%\">Bab\u00e1 &#8211; Genaine<\/td>\n<td>020 3536 8856<\/td>\n<\/tr>\n<tr>\n<td>Bab\u00e1 &#8211; Vanilda Morais<\/td>\n<td>07902 706 339<\/td>\n<\/tr>\n<tr>\n<td width=\"50%\">Bordados Computadorizados &#8211; Aline Correa<\/td>\n<td>07540 238 397<\/td>\n<\/tr>\n<tr>\n<td width=\"50%\">Carlos e Carmen &#8211; Carpet Cleaning<\/td>\n<td>07825 165 830<\/td>\n<\/tr>\n<tr>\n<td>Corte e Costura &#8211; Marli<\/td>\n<td>07453 542 324<\/td>\n<\/tr>\n<tr>\n<td>Corte e Costura &#8211; Vera Vanzo<\/td>\n<td>07584 255 445<\/td>\n<\/tr>\n<tr>\n<td>Costuras e Reformas &#8211; Dione<\/td>\n<td>07506 272 325<\/td>\n<\/tr>\n<tr>\n<td>Costuras e Reformas<\/td>\n<td>07896 780 613<\/td>\n<\/tr>\n<tr>\n<td>Dedetiza\u00e7\u00e3o Pest Control<\/td>\n<td>07534 895 988<\/td>\n<\/tr>\n<tr>\n<td width=\"50%\">Dedetiza\u00e7\u00e3o-Qualified by British Pest Control Association<\/td>\n<td width=\"50%\">07534 895 988 \/ 020 8451 5334<\/td>\n<\/tr>\n<tr>\n<td width=\"50%\">Elisa &#8211; Prepara\u00e7\u00e3o CV, fichas e documentos<\/td>\n<td width=\"50%\">07792 215 634<\/td>\n<\/tr>\n<tr>\n<td>ELondres TOP5- Aplicativos para descontos<\/td>\n<td width=\"50%\">020 7604 2630<\/td>\n<\/tr>\n<tr>\n<td width=\"50%\">FILTRO S\u00c3O JO\u00c3O &#8211; GAYA FOODS<\/td>\n<td width=\"50%\">013 2286 4486<\/td>\n<\/tr>\n<tr>\n<td width=\"50%\">Gold Star Cleaning Services<\/td>\n<td width=\"50%\">07468 424 911<\/td>\n<\/tr>\n<tr>\n<td width=\"50%\">ICD &#8211; Instituto de Coaching e Desenvolvimento-Confer\u00eancias<\/td>\n<td width=\"50%\">07415 421 748 \/ 07775 435 082<\/td>\n<\/tr>\n<tr>\n<td width=\"50%\">Jimmy Jam Productions &amp; Brazilian Events UK<\/td>\n<td width=\"50%\">07956 821 684 \/ 07706 228 070 \/ 07725 881 033<\/td>\n<\/tr>\n<tr>\n<td width=\"50%\">Joias Contempor\u00e2neas &#8211; Tons de Li &#8211; Soraia<\/td>\n<td width=\"50%\">07729 043 523<\/td>\n<\/tr>\n<tr>\n<td>Prod. Art\u00edsticas<\/td>\n<td>020 8658 1590<\/td>\n<\/tr>\n<tr>\n<td>Projeto Kids Brazil<\/td>\n<td>01707 817 368<\/td>\n<\/tr>\n<tr>\n<td>Leitura de Tarot &#8211; Amina<\/td>\n<td>07903 812 484<\/td>\n<\/tr>\n<tr>\n<td>Leitura de Tarot &#8211; Grace<\/td>\n<td>07766 573 491<\/td>\n<\/tr>\n<tr>\n<td>Leitura de Tarot &#8211; Jussara<\/td>\n<td>07783 940 927<\/td>\n<\/tr>\n<tr>\n<td>Limpeza e roupas &#8211; Lilian<\/td>\n<td>07448 333 464<\/td>\n<\/tr>\n<tr>\n<td>Pai de Santo em Londres<\/td>\n<td>075 60599715<\/td>\n<\/tr>\n<tr>\n<td>Personal Trainer<\/td>\n<td>07528 270 382<\/td>\n<\/tr>\n<tr>\n<td>S\u00e1fadi &#8211; Afia\u00e7\u00e3o de alicates<\/td>\n<td>07445 819 070<\/td>\n<\/tr>\n<tr>\n<td>X Publicity<\/td>\n<td>07508 351 455<\/td>\n<\/tr>\n<tr>\n<td>Maria &#8211; Vestidos de Noiva &#8211; Aluguel e Venda (Bride&#8217;s dresses &#8211; rental and sale)<\/td>\n<td>07904 379 052<\/td>\n<\/tr>\n<\/tbody>\n<\/table>\n<p><em>A informa\u00e7\u00e3o acima \u00e9 de responsabilidade dos anunciantes.<\/em><br \/>\n<\/div><div class=\"column one-third\">\n<!-- Either there are no banners, they are disabled or none qualified for this location! -->\n<\/div><\/div>\n<div class=\"sc-toggle\"><div class=\"sc-toggle-title\"><a href=\"#\">SAIBA MAIS<\/a><\/div><div class=\"sc-toggle-content\">\n<p>Uma lista repleta de contatos dos mais variados profissionais aut\u00f4nomos especializados que atuam prestando servi\u00e7os diversos em Londres e em demais cidades do Reino Unido!<\/p>\n<p style=\"text-align: justify;\">Na correria do dia a dia contempor\u00e2neo tornou-se comum recorrer a profissionais aut\u00f4nomos para realizar alguns servi\u00e7os espec\u00edficos e eventuais.<\/p>\n<p style=\"text-align: justify;\">O profissional aut\u00f4nomo ou prestador de servi\u00e7o tem independ\u00eancia econ\u00f4mica e financeira e exerce suas atividades por conta pr\u00f3pria, sem v\u00ednculo empregat\u00edcio com seus contratantes. Contar com o servi\u00e7o de profissionais aut\u00f4nomos, muitas vezes, \u00e9 a forma mais econ\u00f4mica de realizar algumas atividades.<\/p>\n<p style=\"text-align: justify;\">Nestes casos, procure sempre por profissionais que tenham boas refer\u00eancias anteriores \u2013 fazendo isso, voc\u00ea evita surpresas por j\u00e1 conhecer o trabalho que ser\u00e1 contratado. \u00c9 importante tamb\u00e9m solicitar or\u00e7amento pr\u00e9vio. Analise mais de um or\u00e7amento com diferentes profissionais para ter ideia do valor justo a ser combinado.<\/p>\n<p style=\"text-align: justify;\">Em Londres existem muitos profissionais que atuam desta forma, inclusive muitos brasileiros. Entre as atividades encontradas est\u00e3o bab\u00e1s e cuidadoras de crian\u00e7as ou idosos, costureiras, dedetizadores, personal trainers e demais profissionais da \u00e1rea de educa\u00e7\u00e3o f\u00edsica, afiadores de alicates, tar\u00f3logos e vendedores em geral.<\/p>\n<p style=\"text-align: justify;\">Contar com os servi\u00e7os de diversos profissionais que possuem experi\u00eancia em trabalhar para a comunidade brasileira no Reino Unido pode fazer toda a diferen\u00e7a no atendimento e na aten\u00e7\u00e3o que ser\u00e1 dada a voc\u00ea. Muitos deles poder\u00e3o atend\u00ea-lo em portugu\u00eas, com toda a simpatia e hospitalidade brasileiras, fazendo com que voc\u00ea se sinta um pouco mais perto do Brasil.<\/p>\n<p style=\"text-align: justify;\">Foi pensando nisso que o BBMAG Diret\u00f3rio de Neg\u00f3cios resolveu preparar esta lista pr\u00e1tica e completa para voc\u00ea, com os contatos dos mais variados profissionais aut\u00f4nomos especializados que atuam prestando<strong> servi\u00e7os diversos em Londres<\/strong> e em demais cidades do Reino Unido.<\/p>\n<p style=\"text-align: justify;\">Decidir entre os milhares de prestadores de servi\u00e7os dispon\u00edveis na capital inglesa pode ser um desafio, mas ao acessar esta lista voc\u00ea n\u00e3o ter\u00e1 mais d\u00favida na hora de escolher. Confira abaixo e entre em contato com o profissional de sua prefer\u00eancia!<\/p>\n<p style=\"text-align: justify;\"><\/div><\/div>\n\n","protected":false},"excerpt":{"rendered":"","protected":false},"author":72,"featured_media":0,"parent":0,"menu_order":0,"comment_status":"closed","ping_status":"closed","template":"page-blocks.php","meta":{"footnotes":""},"class_list":["post-7950","page","type-page","status-publish"],"jetpack-related-posts":[],"jetpack_sharing_enabled":true,"_links":{"self":[{"href":"https:\/\/www.bbmag.co.uk\/pt-br\/wp-json\/wp\/v2\/pages\/7950","targetHints":{"allow":["GET"]}}],"collection":[{"href":"https:\/\/www.bbmag.co.uk\/pt-br\/wp-json\/wp\/v2\/pages"}],"about":[{"href":"https:\/\/www.bbmag.co.uk\/pt-br\/wp-json\/wp\/v2\/types\/page"}],"author":[{"embeddable":true,"href":"https:\/\/www.bbmag.co.uk\/pt-br\/wp-json\/wp\/v2\/users\/72"}],"replies":[{"embeddable":true,"href":"https:\/\/www.bbmag.co.uk\/pt-br\/wp-json\/wp\/v2\/comments?post=7950"}],"version-history":[{"count":0,"href":"https:\/\/www.bbmag.co.uk\/pt-br\/wp-json\/wp\/v2\/pages\/7950\/revisions"}],"wp:attachment":[{"href":"https:\/\/www.bbmag.co.uk\/pt-br\/wp-json\/wp\/v2\/media?parent=7950"}],"curies":[{"name":"wp","href":"https:\/\/api.w.org\/{rel}","templated":true}]}}