{"id":7955,"date":"2016-09-07T11:44:04","date_gmt":"2016-09-07T10:44:04","guid":{"rendered":"http:\/\/www.bbmag.co.uk\/pt-br\/tv-installation-london\/"},"modified":"2019-08-07T13:49:01","modified_gmt":"2019-08-07T12:49:01","slug":"instalacao-tv-londres","status":"publish","type":"page","link":"https:\/\/www.bbmag.co.uk\/pt-br\/instalacao-tv-londres\/","title":{"rendered":"Instala\u00e7\u00e3o de TV em Londres e no Reino Unido"},"content":{"rendered":"<p style=\"text-align: justify;\"><div class=\"row cf\"><div class=\"column one-1\"><\/div><div class=\"column two-third\"><div class=\"row cf\"><\/div>\n<div class=\"column one-1\"><\/div>\n<img decoding=\"async\" src=\"http:\/\/www.bbmag.co.uk\/wp-content\/uploads\/2016\/09\/instalacao_tv.jpg\" alt=\"Instala\u00e7\u00e3o de TV em Londres\" \/><\/p>\n<h1 style=\"font-size: 15px; text-align: center;\">Instala\u00e7\u00e3o de TV em Londres<\/h1>\n<h2 style=\"font-size: 15px;\"><\/h2>\n<p>Se voc\u00ea procura por<strong>\u00a0<\/strong><strong>instala\u00e7\u00f5es de TV de canais de televis\u00e3o brasileiros em Londres<\/strong>, conhe\u00e7a os pacotes de transmiss\u00e3o de diversos canais como a<strong>\u00a0<\/strong><strong>TV Globo, a TV Record<\/strong>, entre outros, para assistir ao vivo de qualquer ponto do Reino Unido, seja no conforto da sua casa ou por TV online na praticidade do seu celular. Confira a lista que preparamos a seguir!<\/p>\n<p style=\"text-align: justify;\">Ao contatar os anunciantes e parceiros da BBMag, <strong>mencione sempre a revista Bossa Brazil Magazine (BBMAG)<\/strong>, sua revista brasileira em Londres para receber pre\u00e7os e condi\u00e7\u00f5es especiais.<\/p>\n<p><a href=\"\/?page_id=7799\"><span style=\"color: #0000ff;\"><u>Voltar \u00e0 p\u00e1gina principal do BBMag Diret\u00f3rio de Neg\u00f3cios<\/u><\/span><\/a><\/p>\n<p><strong><span class=\"s1\">Confira os parceiros da BBMAG:<\/span><\/strong><\/p>\n<table style=\"margin-bottom: 15px;\" width=\"100%\">\n<tbody>\n<tr style=\"border-width: 2px; border-style: solid;\">\n<td style=\"background-color: #ddebff;\" width=\"40%\"><a href=\"\/?page_id=11188\" target=\"_blank\" rel=\"noopener noreferrer\"><img decoding=\"async\" class=\"size-full wp-image-15491 aligncenter\" src=\"http:\/\/www.bbmag.co.uk\/wp-content\/uploads\/2016\/09\/globo.png\" alt=\"\" width=\"188\" height=\"122\" \/><\/a><\/td>\n<td style=\"background-color: #ddebff;\" width=\"40%\"><a href=\"\/?page_id=11188\" target=\"_blank\" rel=\"noopener noreferrer\"><span style=\"color: #000000;\"><b>TV PLAYER &#8211; GLOBO<\/b><\/span><\/a><\/p>\n<p><span style=\"color: #0000ff;\"><a style=\"color: #0000ff;\" href=\"http:\/\/www.tvplayer.com\" target=\"_blank\" rel=\"noopener noreferrer\">www.tvplayer.com<\/a><\/span><\/td>\n<td style=\"background-color: #ddebff;\" width=\"20%\"><center><span style=\"color: #db4b4b;\"><a style=\"color: #db4b4b;\" href=\"\/?page_id=11188\" target=\"_blank\" rel=\"noopener noreferrer\"><i class=\"fa fa-search fa-2x\" style=\"color: blue;\"><\/i><br \/>\n<span style=\"color: #0000ff;\"> Ver<\/span><\/a><\/span><\/center><\/td>\n<\/tr>\n<\/tbody>\n<\/table>\n<p><em>Quer fazer parte da lista principal e ganhar maior destaque para o seu neg\u00f3cio? Entre em contato<span style=\"color: #000080;\"><strong> <a style=\"color: #000080;\" href=\"\/?page_id=2681\">conosco<\/a><\/strong><\/span>!<\/em><\/p>\n<p class=\"p1\"><strong><span class=\"s1\">BBMAG Diret\u00f3rio<\/span><\/strong><\/p>\n<table width=\"100%\">\n<tbody>\n<tr>\n<td width=\"50%\">Canais brasileiros &#8211; Alves Sat\u00e9lite<\/td>\n<td width=\"50%\">07588 425 407<\/td>\n<\/tr>\n<tr>\n<td>Canais brasileiros &#8211; Free Chanel<\/td>\n<td>07895 616 884<\/td>\n<\/tr>\n<tr>\n<td>Instala\u00e7\u00e3o de CCTV<\/td>\n<td>07547 032 120<\/td>\n<\/tr>\n<tr>\n<td>Santos Sat\u00e9lites<\/td>\n<td>07949 442 452<\/td>\n<\/tr>\n<tr>\n<td><span style=\"color: #0000ff;\"><a style=\"color: #0000ff;\" href=\"\/?page_id=11188\" target=\"_blank\" rel=\"noopener noreferrer\"><strong>TV PLAYER &#8211; GLOBO<\/strong><\/a><\/span><\/td>\n<td><a href=\"http:\/\/www.tvplayer.com\/\" target=\"_blank\" rel=\"noopener noreferrer\"><span style=\"color: #0000ff;\"><strong>http:\/\/www.tvplayer.com\/<\/strong><\/span><\/a><\/td>\n<\/tr>\n<\/tbody>\n<\/table>\n<p><em>A informa\u00e7\u00e3o acima \u00e9 de responsabilidade dos anunciantes.<\/em><br \/>\n<\/div><div class=\"column one-third\">\n<a href=\"\/?page_id=11188\" target=\"_blank\" rel=\"noopener noreferrer\"><img decoding=\"async\" class=\"size-full wp-image-15493 aligncenter\" src=\"http:\/\/www.bbmag.co.uk\/wp-content\/uploads\/2017\/09\/tv_player300x250.jpg\" alt=\"\" width=\"300\" height=\"250\" \/><\/a><!-- Either there are no banners, they are disabled or none qualified for this location! -->\n<\/div><\/div>\n<div class=\"sc-toggle\"><div class=\"sc-toggle-title\"><a href=\"#\">SAIBA MAIS<\/a><\/div><div class=\"sc-toggle-content\">\n<p>Procurando por instala\u00e7\u00f5es de TV para assistir a canais de televis\u00e3o brasileiros em Londres? Aqui \u00e9 o seu lugar!<\/p>\n<p style=\"font-size: 15px;\">Marca registrada do Brasil, os programas de TV s\u00e3o alguns dos produtos brasileiros que mais fazem sucesso no exterior.<\/p>\n<p style=\"text-align: justify;\">Desde o in\u00edcio dos anos 1950, \u00e9poca da populariza\u00e7\u00e3o dos primeiros canais de televis\u00e3o brasileiros, o Brasil passou a desenvolver uma intensa rela\u00e7\u00e3o com a televis\u00e3o como meio de comunica\u00e7\u00e3o.<\/p>\n<p style=\"text-align: justify;\">Os telejornais, que relatam as not\u00edcias di\u00e1rias que acontecem na cidade, no pa\u00eds e no mundo, se tornaram alguns dos programas mais assistidos. As telenovelas, nascidas tamb\u00e9m nos anos 50, que contam hist\u00f3rias que envolvem cen\u00e1rios do cotidiano atual ou passado da sociedade brasileira, passaram a gerar grande identifica\u00e7\u00e3o com o p\u00fablico e lan\u00e7aram ao estrelato diversos atores e atrizes consagrados que, com o seu trabalho, marcaram os seus nomes na hist\u00f3ria do Brasil e s\u00e3o amplamente conhecidos no Pa\u00eds.<\/p>\n<p style=\"text-align: justify;\">Com o crescimento e desenvolvimento da tecnologia ao longo das d\u00e9cadas, as produ\u00e7\u00f5es televisivas come\u00e7aram a receber cada vez mais investimento e hoje em dia movimentam um mercado milion\u00e1rio que lan\u00e7a, a cada ano, dezenas de grandes produ\u00e7\u00f5es cada vez mais bem elaboradas.<\/p>\n<p style=\"text-align: justify;\">Os quatro maiores canais da TV aberta brasileira produzem anualmente uma grande quantidade de telenovelas e demais programas de TV que s\u00e3o transmitidos para os quatro cantos do Brasil e, ap\u00f3s fazerem grande sucesso de p\u00fablico dentro do Pa\u00eds, s\u00e3o exportados cada vez mais para outros pa\u00edses, onde se tornam tamb\u00e9m muito conhecidos. Este fato faz com que o Brasil seja hoje uma refer\u00eancia mundial na qualidade de programas televisivos.<\/p>\n<p style=\"text-align: justify;\">Hoje em dia, com a internet e os smartphones, voc\u00ea pode assistir aos programas da TV brasileira a qualquer hora inclusive em outros pa\u00edses, como o Reino Unido. Basta que voc\u00ea adquira o pacote adequado de transmiss\u00e3o.<\/p>\n<p style=\"text-align: justify;\">Se voc\u00ea procura por<strong> instala\u00e7\u00f5es de TV para assistir a canais de televis\u00e3o brasileiros em Londres<\/strong>, conhe\u00e7a os pacotes de transmiss\u00e3o de diversos canais como a<strong> TV Globo, a TV Record<\/strong> e muitos outros para assistir ao vivo de qualquer ponto do Reino Unido, seja no conforto da TV da sua casa ou assistir TV online na praticidade do seu celular. Confira a lista que preparamos a seguir!<\/p>\n<p style=\"text-align: justify;\"><\/div><\/div>\n\n","protected":false},"excerpt":{"rendered":"","protected":false},"author":72,"featured_media":0,"parent":0,"menu_order":0,"comment_status":"closed","ping_status":"closed","template":"","meta":{"footnotes":""},"class_list":["post-7955","page","type-page","status-publish"],"jetpack-related-posts":[],"jetpack_sharing_enabled":true,"_links":{"self":[{"href":"https:\/\/www.bbmag.co.uk\/pt-br\/wp-json\/wp\/v2\/pages\/7955","targetHints":{"allow":["GET"]}}],"collection":[{"href":"https:\/\/www.bbmag.co.uk\/pt-br\/wp-json\/wp\/v2\/pages"}],"about":[{"href":"https:\/\/www.bbmag.co.uk\/pt-br\/wp-json\/wp\/v2\/types\/page"}],"author":[{"embeddable":true,"href":"https:\/\/www.bbmag.co.uk\/pt-br\/wp-json\/wp\/v2\/users\/72"}],"replies":[{"embeddable":true,"href":"https:\/\/www.bbmag.co.uk\/pt-br\/wp-json\/wp\/v2\/comments?post=7955"}],"version-history":[{"count":0,"href":"https:\/\/www.bbmag.co.uk\/pt-br\/wp-json\/wp\/v2\/pages\/7955\/revisions"}],"wp:attachment":[{"href":"https:\/\/www.bbmag.co.uk\/pt-br\/wp-json\/wp\/v2\/media?parent=7955"}],"curies":[{"name":"wp","href":"https:\/\/api.w.org\/{rel}","templated":true}]}}