{"id":7958,"date":"2016-09-07T11:45:55","date_gmt":"2016-09-07T10:45:55","guid":{"rendered":"http:\/\/www.bbmag.co.uk\/pt-br\/vehicles-in-london\/"},"modified":"2019-08-07T13:56:29","modified_gmt":"2019-08-07T12:56:29","slug":"automoveis-londres","status":"publish","type":"page","link":"https:\/\/www.bbmag.co.uk\/pt-br\/automoveis-londres\/","title":{"rendered":"Autom\u00f3veis em Londres e no Reino Unido"},"content":{"rendered":"<div class=\"row cf\"><div class=\"column one-1\"><\/div><div class=\"column two-third\"><div class=\"row cf\"><\/div>\n<div class=\"column one-1\"><\/div>\n<img decoding=\"async\" src=\"http:\/\/www.bbmag.co.uk\/wp-content\/uploads\/2016\/09\/veiculos_automoveis.jpg\" alt=\"Autom\u00f3veis em Londres\" \/><\/p>\n<h1 style=\"font-size: 15px; text-align: center;\">Autom\u00f3veis em Londres e no Reino Unido<\/h1>\n<h2 style=\"font-size: 15px; text-align: justify;\"><\/h2>\n<p>Uma lista com os <strong>contatos de mec\u00e2nicos, autope\u00e7as, oficinas de assist\u00eancia t\u00e9cnica e compra e venda de carros e servi\u00e7os automotivos em Londres<\/strong>. O carro quebrou no meio do caminho e voc\u00ea precisa de um guincho? Ou um bom mec\u00e2nico? Pe\u00e7as para moto? Aqui voc\u00ea encontra tudo isso e muito mais!<\/p>\n<p style=\"text-align: justify;\">Ao contatar os nossos anunciantes e parceiros, <strong>mencione sempre o BBMAG Diret\u00f3rio de Neg\u00f3cios<\/strong> para receber pre\u00e7os e condi\u00e7\u00f5es especiais.<\/p>\n<p style=\"text-align: justify;\"><a href=\"\/?page_id=7799\" target=\"_blank\" rel=\"noopener noreferrer\"><span style=\"color: #0000ff;\"><u>Voltar \u00e0 p\u00e1gina principal do BBMAG Diret\u00f3rio de Neg\u00f3cios<\/u><\/span><\/a><\/p>\n<p><em>Quer fazer parte da lista principal e ganhar maior destaque para o seu neg\u00f3cio? Entre em contato<span style=\"color: #000080;\"><strong> <a style=\"color: #000080;\" href=\"\/?page_id=2681\">conosco<\/a><\/strong><\/span>!<\/em><\/p>\n<p class=\"p1\"><strong><span class=\"s1\">BBMAG Diret\u00f3rio<\/span><\/strong><\/p>\n<table width=\"100%\">\n<tbody>\n<tr>\n<td width=\"50%\">Brixton Auto Repair<\/td>\n<td width=\"50%\">07832 371 627<\/td>\n<\/tr>\n<tr>\n<td>Carros &#8211; Easy Scrap Cars<\/td>\n<td>07999 044 554<\/td>\n<\/tr>\n<tr>\n<td>Compra e Venda de carros<\/td>\n<td>07912 880 995<\/td>\n<\/tr>\n<tr>\n<td>Edinho Motos<\/td>\n<td>020 7987 9161<\/td>\n<\/tr>\n<tr>\n<td>Franco&#8217;s Motorbike Service<\/td>\n<td>020 8968 3765<\/td>\n<\/tr>\n<tr>\n<td>Pastor Motorcycles<\/td>\n<td>020 8965 5894<\/td>\n<\/tr>\n<tr>\n<td>Sanor Moto Ltd<\/td>\n<td>020 7274 1420<\/td>\n<\/tr>\n<tr>\n<td>Servi\u00e7o de Guincho<\/td>\n<td>07999 337 339<\/td>\n<\/tr>\n<tr>\n<td>Universal Motorcycle Training<\/td>\n<td>020 3691 8807<\/td>\n<\/tr>\n<tr>\n<td>Wheeler Daler<\/td>\n<td>07523 242 885<\/td>\n<\/tr>\n<tr>\n<td>XT Xclusive Tints<\/td>\n<td>020 3730 6518<\/td>\n<\/tr>\n<\/tbody>\n<\/table>\n<p><em>A informa\u00e7\u00e3o acima \u00e9 de responsabilidade dos anunciantes.<\/em><br \/>\n<\/div><div class=\"column one-third\">\n<!-- Either there are no banners, they are disabled or none qualified for this location! -->\n<\/div><\/div>\n<div class=\"sc-toggle\"><div class=\"sc-toggle-title\"><a href=\"#\">SAIBA MAIS<\/a><\/div><div class=\"sc-toggle-content\">\n<p>Uma lista completa com diversos nomes e contatos de profissionais, empresas, lojas, oficinas de assist\u00eancia t\u00e9cnica e aluguel que trabalham no segmento de ve\u00edculos e autom\u00f3veis tanto em Londres!<\/p>\n<p style=\"text-align: justify;\">Brasileiros s\u00e3o apaixonados por carros. Ao longo das \u00faltimas d\u00e9cadas, a paix\u00e3o dos pelos ve\u00edculos automotores ficou evidente com a abertura de novas f\u00e1bricas, a cria\u00e7\u00e3o de novos e modernos modelos e cada vez mais marcas inseridas no mercado.<\/p>\n<p style=\"text-align: justify;\">Cresceu tamb\u00e9m o mercado de servi\u00e7os relacionados aos carros, como lojas de autom\u00f3veis, oficinas mec\u00e2nicas, centros automotivos, pintura, fornecedores de pe\u00e7as, funilaria e os famosos martelinhos-de-ouro &#8211; que consertam batidas.<\/p>\n<p style=\"text-align: justify;\">Em evid\u00eancia, o mercado se desenvolveu tamb\u00e9m para al\u00e9m das fronteiras do territ\u00f3rio nacional. Muitos brasileiros que foram morar em outros pa\u00edses, como o Reino Unido, levaram junto a sua paix\u00e3o pelos carros e pelos cuidados com os seus estimados ve\u00edculos.<\/p>\n<p style=\"text-align: justify;\">Hoje s\u00e3o diversos os estabelecimentos gerenciados por brasileiros na capital inglesa que oferecem todos os tipos de servi\u00e7os relacionados \u00e0 venda ou manuten\u00e7\u00e3o de autom\u00f3veis.<\/p>\n<p style=\"text-align: justify;\">Lojas de carros localizadas nos mais variados bairros da cidade oferecem aos clientes os melhores neg\u00f3cios para a aquisi\u00e7\u00e3o de modelos atuais, potentes e com design arrojado que conquistam os donos pela qualidade do motor e o conforto proporcionado para os passageiros na parte interna.<\/p>\n<p style=\"text-align: justify;\">Caso ocorra qualquer problema com o carro, os usu\u00e1rios contam com toda uma rede de seguro, com atendimento em diversas localidades, dispon\u00edveis a qualquer dia e a qualquer hora, inclusive para carros alugados.<\/p>\n<p style=\"text-align: justify;\">Tamb\u00e9m s\u00e3o muitas as oficinas que prestam servi\u00e7os de assist\u00eancia t\u00e9cnica e, inclusive, contam com a colabora\u00e7\u00e3o de profissionais brasileiros especialistas no assunto e que podem atend\u00ea-lo em portugu\u00eas, para a sua total comodidade.<\/p>\n<p style=\"text-align: justify;\">Com o intuito de facilitar a sua vida e tornar esta procura muito mais f\u00e1cil e pr\u00e1tica, o BBMAG Diret\u00f3rio de Neg\u00f3cios preparou esta lista completa com diversos nomes e contatos de profissionais, empresas, lojas, oficinas de assist\u00eancia t\u00e9cnica e aluguel que trabalham no segmento de ve\u00edculos e autom\u00f3veis tanto em Londres quanto em outras cidades do Reino Unido. Confira!<\/p>\n<p style=\"text-align: justify;\"><\/div><\/div>\n\n","protected":false},"excerpt":{"rendered":"","protected":false},"author":72,"featured_media":0,"parent":0,"menu_order":0,"comment_status":"closed","ping_status":"closed","template":"","meta":{"footnotes":""},"class_list":["post-7958","page","type-page","status-publish"],"jetpack-related-posts":[],"jetpack_sharing_enabled":true,"_links":{"self":[{"href":"https:\/\/www.bbmag.co.uk\/pt-br\/wp-json\/wp\/v2\/pages\/7958","targetHints":{"allow":["GET"]}}],"collection":[{"href":"https:\/\/www.bbmag.co.uk\/pt-br\/wp-json\/wp\/v2\/pages"}],"about":[{"href":"https:\/\/www.bbmag.co.uk\/pt-br\/wp-json\/wp\/v2\/types\/page"}],"author":[{"embeddable":true,"href":"https:\/\/www.bbmag.co.uk\/pt-br\/wp-json\/wp\/v2\/users\/72"}],"replies":[{"embeddable":true,"href":"https:\/\/www.bbmag.co.uk\/pt-br\/wp-json\/wp\/v2\/comments?post=7958"}],"version-history":[{"count":0,"href":"https:\/\/www.bbmag.co.uk\/pt-br\/wp-json\/wp\/v2\/pages\/7958\/revisions"}],"wp:attachment":[{"href":"https:\/\/www.bbmag.co.uk\/pt-br\/wp-json\/wp\/v2\/media?parent=7958"}],"curies":[{"name":"wp","href":"https:\/\/api.w.org\/{rel}","templated":true}]}}