{"id":7961,"date":"2016-09-07T10:20:39","date_gmt":"2016-09-07T09:20:39","guid":{"rendered":"http:\/\/www.bbmag.co.uk\/pt-br\/bookshops-in-london\/"},"modified":"2019-08-07T13:49:35","modified_gmt":"2019-08-07T12:49:35","slug":"livrarias-londres","status":"publish","type":"page","link":"https:\/\/www.bbmag.co.uk\/pt-br\/livrarias-londres\/","title":{"rendered":"Livrarias em Londres e no Reino Unido"},"content":{"rendered":"<div class=\"row cf\"><div class=\"column one-1\"><\/div><div class=\"column two-third\"><div class=\"row cf\"><\/div>\n<div class=\"column one-1\"><\/div>\n<img decoding=\"async\" src=\"http:\/\/www.bbmag.co.uk\/wp-content\/uploads\/2016\/09\/livrarias.jpg\" alt=\"Livrarias em Londres\" \/><\/p>\n<h1 style=\"font-size: 15px; text-align: center;\">Livrarias em Londres e no Reino Unido<\/h1>\n<h2 style=\"font-size: 15px;\"><\/h2>\n<p>Aqui no BBMAG Diret\u00f3rio de Neg\u00f3cios voc\u00ea tem acesso a uma lista completa indicando algumas das <strong>livrarias em Londres<\/strong> e demais cidades do Reino Unido.<\/p>\n<p>Muitas delas s\u00e3o livrarias em Londres onde voc\u00ea pode encontrar <strong>livros em portugu\u00eas para <\/strong>manter o contato com a <strong>cultura brasileira<\/strong> atrav\u00e9s da leitura de cl\u00e1ssicos e os \u00faltimos lan\u00e7amentos e que t\u00eam os seus t\u00edtulos disponibilizados tamb\u00e9m na capital inglesa. Boa leitura!<\/p>\n<p style=\"text-align: justify;\">Ao contatar os nossos anunciantes e parceiros, <strong>mencione sempre o BBMAG Diret\u00f3rio de Neg\u00f3cios<\/strong> para receber pre\u00e7os e condi\u00e7\u00f5es especiais.<\/p>\n<p style=\"text-align: justify;\"><a href=\"\/?page_id=7799\"><span style=\"color: #0000ff;\"><u>Voltar \u00e0 p\u00e1gina principal do BBMAG Diret\u00f3rio de Neg\u00f3cios<\/u><\/span><\/a><\/p>\n<p class=\"p1\" style=\"text-align: justify;\"><em>Quer fazer\u00a0parte da lista principal e ganhar mais destaque para o seu neg\u00f3cio? Entre em contato <a href=\"\/?page_id=2681\"><span style=\"color: #000080;\"><strong>conosco<\/strong><\/span><\/a>.<\/em><\/p>\n<p class=\"p1\" style=\"text-align: justify;\"><strong><span class=\"s1\">BBMAG Diret\u00f3rio<\/span><\/strong><\/p>\n<table width=\"100%\">\n<tbody>\n<tr>\n<td width=\"50%\">Revelation &#8211; Livraria Crist\u00e3<\/td>\n<td width=\"50%\">07710 229 273<\/td>\n<\/tr>\n<\/tbody>\n<\/table>\n<p><em>A informa\u00e7\u00e3o acima \u00e9 de responsabilidade dos anunciantes.<\/em><br \/>\n<\/div><div class=\"column one-third\">\n<!-- Either there are no banners, they are disabled or none qualified for this location! -->\n<\/div><\/div>\n<div class=\"sc-toggle\"><div class=\"sc-toggle-title\"><a href=\"#\">SAIBA MAIS<\/a><\/div><div class=\"sc-toggle-content\">\n<h2 style=\"font-size: 15px;\">Uma lista pensando na comunidade brasileira, com livrarias em Londres e no Reino Unido e algumas, com atendimento em portugu\u00eas!<\/h2>\n<p style=\"font-size: 15px; text-align: justify;\">H\u00e1 alguns s\u00e9culos as livrarias ocupam locais de grande destaque em grandes centros como Londres, onde em grandes e ricos espa\u00e7os os interessados podem procurar seus livros preferidos \u2013 geralmente categorizados em se\u00e7\u00f5es \u2013\u00a0e encontrar centenas de op\u00e7\u00f5es de leitura sobre todos os tipos de assunto.<\/p>\n<p style=\"text-align: justify;\">A leitura \u00e9 um dos h\u00e1bitos mais saud\u00e1veis para qualquer ser humano. Atrav\u00e9s dela nos informamos e adquirimos conhecimento sobre os mais diversos assuntos, seja para fins pessoais ou profissionais.<\/p>\n<p style=\"text-align: justify;\">Nas \u00faltimas d\u00e9cadas, as maiores e mais renomadas livrarias v\u00eam se tornando tamb\u00e9m grandes espa\u00e7os de comercializa\u00e7\u00e3o de CDs, discos, filmes e demais artigos.<\/p>\n<p style=\"text-align: justify;\">\u00c9 cada vez maior o n\u00famero de estabelecimentos onde o cliente pode experimentar os produtos \u2013 seja folhear um livro ou ouvir um disco de seu interesse \u2013 dentro das lojas at\u00e9 decidir quais itens levar\u00e1 para casa.<\/p>\n<p style=\"text-align: justify;\">Cresce muito tamb\u00e9m a comercializa\u00e7\u00e3o digital. Livrarias t\u00eam disponibilizado cada vez mais seus cat\u00e1logos de livros e produtos em seus endere\u00e7os na internet para a maior comodidade do cliente, que hoje pode comprar algo sem precisar nem sair de casa.<\/p>\n<p style=\"text-align: justify;\">Em Londres &#8211; um dos maiores mercados da Europa &#8211; s\u00e3o riqu\u00edssimas as op\u00e7\u00f5es de excelentes livrarias, sebos, locais de leitura e venda de livros abertos diariamente para clientes de diversos pa\u00edses e que procuram itens nos mais variados idiomas.<\/p>\n<p style=\"text-align: justify;\">Pensando nisso, o BBMAG Diret\u00f3rio de Neg\u00f3cios preparou para voc\u00ea esta pr\u00e1tica e completa lista que poder\u00e1 indicar alguns dos estabelecimentos mais destacados de Londres e demais cidades do Reino Unido no<strong> segmento de livrarias<\/strong>.<\/p>\n<p style=\"text-align: justify;\">Em muitas delas voc\u00ea pode encontrar, inclusive, <strong>livros no idioma portugu\u00eas<\/strong> \u2013 lojas muito procuradas por brasileiros que vivem no Pa\u00eds e que querem manter o contato com a cultura brasileira atrav\u00e9s da leitura de cl\u00e1ssicos e os \u00faltimos lan\u00e7amentos e que t\u00eam os seus t\u00edtulos disponibilizados tamb\u00e9m na capital inglesa. Confira a lista a seguir e boa leitura!<\/p>\n<p style=\"text-align: justify;\"><\/div><\/div>\n\n","protected":false},"excerpt":{"rendered":"","protected":false},"author":72,"featured_media":0,"parent":0,"menu_order":0,"comment_status":"closed","ping_status":"closed","template":"","meta":{"footnotes":""},"class_list":["post-7961","page","type-page","status-publish"],"jetpack-related-posts":[],"jetpack_sharing_enabled":true,"_links":{"self":[{"href":"https:\/\/www.bbmag.co.uk\/pt-br\/wp-json\/wp\/v2\/pages\/7961","targetHints":{"allow":["GET"]}}],"collection":[{"href":"https:\/\/www.bbmag.co.uk\/pt-br\/wp-json\/wp\/v2\/pages"}],"about":[{"href":"https:\/\/www.bbmag.co.uk\/pt-br\/wp-json\/wp\/v2\/types\/page"}],"author":[{"embeddable":true,"href":"https:\/\/www.bbmag.co.uk\/pt-br\/wp-json\/wp\/v2\/users\/72"}],"replies":[{"embeddable":true,"href":"https:\/\/www.bbmag.co.uk\/pt-br\/wp-json\/wp\/v2\/comments?post=7961"}],"version-history":[{"count":0,"href":"https:\/\/www.bbmag.co.uk\/pt-br\/wp-json\/wp\/v2\/pages\/7961\/revisions"}],"wp:attachment":[{"href":"https:\/\/www.bbmag.co.uk\/pt-br\/wp-json\/wp\/v2\/media?parent=7961"}],"curies":[{"name":"wp","href":"https:\/\/api.w.org\/{rel}","templated":true}]}}