{"id":7967,"date":"2016-09-07T10:52:19","date_gmt":"2016-09-07T09:52:19","guid":{"rendered":"http:\/\/www.bbmag.co.uk\/pt-br\/cleaning-in-london\/"},"modified":"2019-08-07T13:49:17","modified_gmt":"2019-08-07T12:49:17","slug":"limpeza-londres","status":"publish","type":"page","link":"https:\/\/www.bbmag.co.uk\/pt-br\/limpeza-londres\/","title":{"rendered":"Limpeza em Londres e no Reino Unido"},"content":{"rendered":"<div class=\"row cf\"><div class=\"column one-1\"><\/div><div class=\"column two-third\"><div class=\"row cf\"><\/div>\n<div class=\"column one-1\"><\/div>\n<img decoding=\"async\" src=\"http:\/\/www.bbmag.co.uk\/wp-content\/uploads\/2016\/09\/limpeza.jpg\" alt=\"Limpeza em Londres\" \/><\/p>\n<h1 style=\"font-size: 15px; text-align: center;\">Limpeza em Londres e no Reino Unido<\/h1>\n<h2 style=\"font-size: 15px;\"><\/h2>\n<p>Existem diversos profissionais e empresas de limpeza em Londres e no Reino Unido que est\u00e3o ao seu dispor. Limpezas realizadas por brasileiros est\u00e3o na moda em Londres e no Reino Unido por serem realizadas por profissionais dedicados. Na lista a seguir voc\u00ea encontra os contatos de\u00a0<strong>brasileiros que trabalham com limpeza em Londres e no Reino Unido<\/strong>\u00a0e tamb\u00e9m parceiros da comunidade brasileira que trabalham na \u00e1rea e poder\u00e3o lhe indicar os melhores servi\u00e7os de limpeza residenciais e comerciais. Confira!<\/p>\n<p style=\"text-align: justify;\">Ao contatar os nossos anunciantes e parceiros, <strong>mencione sempre o BBMAG Diret\u00f3rio de Neg\u00f3cios<\/strong> para receber pre\u00e7os e condi\u00e7\u00f5es especiais.<\/p>\n<p style=\"text-align: justify;\"><a href=\"\/?page_id=7799\"><span style=\"color: #0000ff;\"><u>Voltar \u00e0 p\u00e1gina principal do BBMAG Diret\u00f3rio de Neg\u00f3cios<\/u><\/span><\/a><\/p>\n<p class=\"p1\"><em>Quer fazer parte da lista principal e ganhar mais destaque para o seu neg\u00f3cio? Entre em contato <a href=\"\/?page_id=2681\"><span style=\"color: #000080;\"><strong>conosco<\/strong><\/span><\/a>.<\/em><\/p>\n<p class=\"p1\"><strong><span class=\"s1\">BBMAG Diret\u00f3rio<\/span><\/strong><\/p>\n<table width=\"100%\">\n<tbody>\n<tr>\n<td width=\"50%\">Carpet Cleaner &#8211; Carlos<\/td>\n<td width=\"50%\">07825 165 830<\/td>\n<\/tr>\n<tr>\n<td>Carpet Cleaner &#8211; M\u00e1rcio<\/td>\n<td>07890 016 998<\/td>\n<\/tr>\n<tr>\n<td>Louren\u00e7o&#8217;s Cleaning<\/td>\n<td>07880 494 609<\/td>\n<\/tr>\n<\/tbody>\n<\/table>\n<p><em>A informa\u00e7\u00e3o acima \u00e9 de responsabilidade dos anunciantes.<\/em><br \/>\n<\/div><div class=\"column one-third\">\n<!-- Either there are no banners, they are disabled or none qualified for this location! -->\n<\/div><\/div>\n<div class=\"sc-toggle\"><div class=\"sc-toggle-title\"><a href=\"#\">SAIBA MAIS<\/a><\/div><div class=\"sc-toggle-content\">\n<p>Preparamos uma lista para voc\u00ea encontrar os contatos de brasileiros que trabalham com limpeza em Londres e no Reino Unido!<\/p>\n<p style=\"font-size: 15px;\">\u00c9 cada vez mais comum encontrar empresas de diferentes portes atuando no servi\u00e7o de limpeza.<\/p>\n<p style=\"text-align: justify;\">No caso de empresas, a contrata\u00e7\u00e3o de um servi\u00e7o de\u00a0limpeza terceirizada\u00a0pode ser uma estrat\u00e9gia valiosa para que gestores e colaboradores dediquem seu tempo somente aos processos da empresa.\u00a0 A obten\u00e7\u00e3o desse benef\u00edcio depende dos cuidados e de uma\u00a0an\u00e1lise detalhada\u00a0 com a finalidade de escolher\u00a0uma equipe s\u00e9ria e comprometida com o trabalho.<\/p>\n<p style=\"text-align: justify;\">O primeiro passo para realizar a contrata\u00e7\u00e3o de uma equipe de limpeza \u00e9 verificar se existe um\u00a0registro e as suas respectivas\u00a0certid\u00f5es. Uma maneira eficiente de obter informa\u00e7\u00f5es sobre a qualidade e comprometimento da equipe de limpeza terceirizada\u00a0est\u00e1 nos depoimentos de antigos clientes, que podem ser encontrados na internet por meio\u00a0de\u00a0sites e f\u00f3runs espec\u00edficos para avalia\u00e7\u00e3o.\u00a0Nesses endere\u00e7os,\u00a0pesquise e observe as\u00a0avalia\u00e7\u00f5es positivas e negativas\u00a0para tirar suas conclus\u00f5es e ficar atento aos detalhes.<\/p>\n<p style=\"text-align: justify;\">Se poss\u00edvel, pe\u00e7a tamb\u00e9m a cada empresa ou profissional algumas\u00a0refer\u00eancias de clientes atuais para ter uma no\u00e7\u00e3o do\u00a0seu\u00a0desempenho no momento.\u00a0Com estes contatos, voc\u00ea pode perguntar a outras pessoas sobre a qualidade dos servi\u00e7os prestados e conferir se a satisfa\u00e7\u00e3o \u00e9 sempre garantida. Para mais detalhes, vale ainda fazer uma visita at\u00e9 o local para observar de perto cada procedimento realizado na limpeza.<\/p>\n<p style=\"text-align: justify;\">Em boa parte das\u00a0empresas, o plano de limpeza engloba os procedimentos e todos os elementos necess\u00e1rios para os trabalhos. Ainda assim, algumas equipes exigem\u00a0que o pr\u00f3prio contratante adquira os produtos e equipamentos utilizados na limpeza. Por este motivo, pergunte antes e\u00a0tire suas d\u00favidas para n\u00e3o encarar imprevistos com\u00a0custos extras e n\u00e3o planejados.<\/p>\n<p style=\"text-align: justify;\">Na escolha de uma empresa de limpeza que forne\u00e7a todos estes itens, \u00e9 essencial que seja verificada a qualidade e efici\u00eancia dos produtos. Tal cuidado permite a voc\u00ea conferir\u00a0se a lista de materiais est\u00e1 de acordo com o or\u00e7amento e se proporcionar\u00e1\u00a0um bom rendimento.<\/p>\n<p style=\"text-align: justify;\">Existem diversos profissionais e empresas de limpeza que est\u00e3o ao seu dispor. Nesta lista a seguir voc\u00ea encontra os contatos de <strong>brasileiros que trabalham com limpeza em Londres e no Reino Unido<\/strong> e tamb\u00e9m parceiros da comunidade brasileira que trabalham na \u00e1rea e poder\u00e3o lhe indicar os melhores servi\u00e7os. Confira!<\/p>\n<p style=\"text-align: justify;\"><\/div><\/div>\n\n","protected":false},"excerpt":{"rendered":"","protected":false},"author":72,"featured_media":0,"parent":0,"menu_order":0,"comment_status":"closed","ping_status":"closed","template":"","meta":{"footnotes":""},"class_list":["post-7967","page","type-page","status-publish"],"jetpack-related-posts":[],"jetpack_sharing_enabled":true,"_links":{"self":[{"href":"https:\/\/www.bbmag.co.uk\/pt-br\/wp-json\/wp\/v2\/pages\/7967","targetHints":{"allow":["GET"]}}],"collection":[{"href":"https:\/\/www.bbmag.co.uk\/pt-br\/wp-json\/wp\/v2\/pages"}],"about":[{"href":"https:\/\/www.bbmag.co.uk\/pt-br\/wp-json\/wp\/v2\/types\/page"}],"author":[{"embeddable":true,"href":"https:\/\/www.bbmag.co.uk\/pt-br\/wp-json\/wp\/v2\/users\/72"}],"replies":[{"embeddable":true,"href":"https:\/\/www.bbmag.co.uk\/pt-br\/wp-json\/wp\/v2\/comments?post=7967"}],"version-history":[{"count":0,"href":"https:\/\/www.bbmag.co.uk\/pt-br\/wp-json\/wp\/v2\/pages\/7967\/revisions"}],"wp:attachment":[{"href":"https:\/\/www.bbmag.co.uk\/pt-br\/wp-json\/wp\/v2\/media?parent=7967"}],"curies":[{"name":"wp","href":"https:\/\/api.w.org\/{rel}","templated":true}]}}