{"id":8194,"date":"2016-09-08T15:29:56","date_gmt":"2016-09-08T14:29:56","guid":{"rendered":"http:\/\/www.bbmag.co.uk\/pt-br\/z-financial-services\/"},"modified":"2016-09-21T21:14:21","modified_gmt":"2016-09-21T20:14:21","slug":"z-financial-services","status":"publish","type":"page","link":"https:\/\/www.bbmag.co.uk\/pt-br\/z-financial-services\/","title":{"rendered":"A to Z Financial Services"},"content":{"rendered":"<div class=\"row cf\"><div class=\"column one-third\">\n<img decoding=\"async\" class=\"aligncenter wp-image-9326 size-full\" src=\"http:\/\/www.bbmag.co.uk\/wp-content\/uploads\/2016\/09\/A-to-Z-logo.jpg\" width=\"256\" height=\"57\" \/><br \/>\n<\/div><div class=\"column two-third\">\n<span style=\"color: #000000;\"><strong>A TO Z FINANCIAL SERVICES<\/strong><\/span><br \/>\n60 Maryland Road, Thornton Heath<br \/>\nSurrey CR7 8DF<br \/>\n020 8679 3934<br \/>\n<a href=\"http:\/\/www.atozfinancialservices.co.uk\/\" target=\"_blank\">www.atozfinancialservices.co.uk<\/a><br \/>\n<\/div><\/div>\n<p>A to Z Financial Services foi criada em abril de 1986 para ajudar os comerciantes portugueses, latino-americanos e trabalhadores independentes com a sua contabilidade e assuntos fiscais, al\u00e9m de orientar sobre obten\u00e7\u00e3o de financiamentos.<\/p>\n<p>Atualmente a empresa oferece diversos servi\u00e7os cont\u00e1beis e consultoria de neg\u00f3cios, incluindo propostas de contabilidade financeira, auditoria, impostos e financiamento das empresas.<\/p>\n<p>Com uma estreita rela\u00e7\u00e3o com cada cliente, a A to Z acredita que a melhor maneira de atender suas necessidades, \u00e9 exercer um servi\u00e7o personalizado e sempre sugerir a melhor solu\u00e7\u00e3o financeira para cada caso.<\/p>\n<p>Confiantes em sua capacidade de fazer a diferen\u00e7a para sua organiza\u00e7\u00e3o, a A to Z possui os melhores profissionais do mercado.<\/p>\n<p>Ligue e descubra tudo o que a A to Z Financial Services pode fazer por voc\u00ea!<\/p>\n","protected":false},"excerpt":{"rendered":"<p>A to Z Financial Services foi criada em abril de 1986 para ajudar os comerciantes portugueses, latino-americanos e trabalhadores independentes com a sua contabilidade e assuntos fiscais, al\u00e9m de orientar sobre obten\u00e7\u00e3o de financiamentos. Atualmente a empresa oferece diversos servi\u00e7os cont\u00e1beis e consultoria de neg\u00f3cios, incluindo propostas de contabilidade financeira, auditoria, impostos e financiamento das<\/p>\n<div class=\"read-more\"><a href=\"https:\/\/www.bbmag.co.uk\/pt-br\/z-financial-services\/\" title=\"Saiba mais\">Saiba mais<\/a><\/div>\n","protected":false},"author":72,"featured_media":8403,"parent":0,"menu_order":0,"comment_status":"closed","ping_status":"closed","template":"","meta":{"footnotes":""},"class_list":["post-8194","page","type-page","status-publish","has-post-thumbnail"],"jetpack-related-posts":[],"jetpack_sharing_enabled":true,"_links":{"self":[{"href":"https:\/\/www.bbmag.co.uk\/pt-br\/wp-json\/wp\/v2\/pages\/8194","targetHints":{"allow":["GET"]}}],"collection":[{"href":"https:\/\/www.bbmag.co.uk\/pt-br\/wp-json\/wp\/v2\/pages"}],"about":[{"href":"https:\/\/www.bbmag.co.uk\/pt-br\/wp-json\/wp\/v2\/types\/page"}],"author":[{"embeddable":true,"href":"https:\/\/www.bbmag.co.uk\/pt-br\/wp-json\/wp\/v2\/users\/72"}],"replies":[{"embeddable":true,"href":"https:\/\/www.bbmag.co.uk\/pt-br\/wp-json\/wp\/v2\/comments?post=8194"}],"version-history":[{"count":0,"href":"https:\/\/www.bbmag.co.uk\/pt-br\/wp-json\/wp\/v2\/pages\/8194\/revisions"}],"wp:featuredmedia":[{"embeddable":true,"href":"https:\/\/www.bbmag.co.uk\/pt-br\/wp-json\/wp\/v2\/media\/8403"}],"wp:attachment":[{"href":"https:\/\/www.bbmag.co.uk\/pt-br\/wp-json\/wp\/v2\/media?parent=8194"}],"curies":[{"name":"wp","href":"https:\/\/api.w.org\/{rel}","templated":true}]}}