{"id":8205,"date":"2016-09-08T15:36:35","date_gmt":"2016-09-08T14:36:35","guid":{"rendered":"http:\/\/www.bbmag.co.uk\/pt-br\/accommodation-london\/"},"modified":"2016-09-21T21:27:31","modified_gmt":"2016-09-21T20:27:31","slug":"accommodation-london","status":"publish","type":"page","link":"https:\/\/www.bbmag.co.uk\/pt-br\/accommodation-london\/","title":{"rendered":"Accommodation London"},"content":{"rendered":"<div class=\"row cf\"><div class=\"column one-third\">\n<img decoding=\"async\" class=\"aligncenter wp-image-9537 \" src=\"http:\/\/www.bbmag.co.uk\/wp-content\/uploads\/2016\/09\/accommodation-london-logo-300x61.jpg\" width=\"246\" height=\"50\" \/><br \/>\n<\/div><div class=\"column two-third\">\n<a href=\"http:\/\/www.accommodationlondon.net\"><strong><span style=\"color: #000000;\">ACCOMMODATION LONDON<\/span><\/strong><br \/>\n020 8459 6203<br \/>\n<\/a><a href=\"http:\/\/www.accommodationlondon.net\" target=\"_blank\">www.accommodationlondon.ne<\/a><a href=\"http:\/\/www.accommodationlondon.net\">t<\/a><\/div><\/div>\n<p>H\u00e1 mais de 20 anos, a Accommodation London oferece acomoda\u00e7\u00f5es totalmente mobiliadas e seguras para visitantes internacionais em Londres.<\/p>\n<p>Temos op\u00e7\u00f5es para estadias de curto e longo prazo (albergues, quartos em apartamentos compartilhados e est\u00fadios) em Willesden Green, Kilburn e no Queens Park.<\/p>\n<p>Todas as acomoda\u00e7\u00f5es s\u00e3o localizadas muito pr\u00f3ximas a esta\u00e7\u00f5es de metr\u00f4 (Zona 2) e \u00f4nibus 24h, com acesso f\u00e1cil e r\u00e1pido para o centro de Londres!<\/p>\n<p><strong>Est\u00fadios \u2013 Apartamentos totalmente mobiliados<\/strong><br \/>\nNossos apartamentos possuem tudo o que voc\u00ea precisa: cama com roupa de cama, guarda-roupas, sof\u00e1, TV de Led 22\u2019\u2019, banheiros privativos com chuveiro de press\u00e3o, cozinha equipada (geladeira, forno, talheres, utens\u00edlios, chaleira e torradeira), mesa de jantar e cadeiras. Oferecemos tamb\u00e9m a facilidade de lavanderia nos pr\u00e9dios, operada com moedas.<\/p>\n<p><strong>Quartos \u2013 Privativos em apartamentos compartilhados<\/strong><br \/>\nQuartos totalmente mobiliados, em apartamentos compartilhados, com piso de madeira, cozinhas equipadas e m\u00faltiplos banheiros com chuveiros potentes. A maior parte dos nossos apartamentos possui uma sala de estar compartilhada com TV, \u00e1rea externa privada e lavanderia operada por moedas.<\/p>\n<p><strong>Dormit\u00f3rios \u2013 Albergues nov\u00edssimos<\/strong><br \/>\nNossos albergues apresentam uma atmosfera amig\u00e1vel, com decora\u00e7\u00e3o moderna e est\u00e3o totalmente equipados com cozinhas, \u00e1rea de estar com TV a cabo, arm\u00e1rios com cadeados nos quartos e lavanderia operada por moedas. Tamb\u00e9m fornecemos len\u00e7\u00f3is limpos, ch\u00e1, caf\u00e9 e internet \u00e0 vontade o dia inteiro. Uma \u00f3tima oportunidade para conhecer viajantes e economizar dinheiro.<\/p>\n<p>Podemos adequar a sua acomoda\u00e7\u00e3o de acordo com os seus requisitos e\/ou necessidades (camas de solteiro, casal, triplas, qu\u00e1druplas e at\u00e9 reservas de grandes grupos).<\/p>\n","protected":false},"excerpt":{"rendered":"<p>H\u00e1 mais de 20 anos, a Accommodation London oferece acomoda\u00e7\u00f5es totalmente mobiliadas e seguras para visitantes internacionais em Londres. Temos op\u00e7\u00f5es para estadias de curto e longo prazo (albergues, quartos em apartamentos compartilhados e est\u00fadios) em Willesden Green, Kilburn e no Queens Park. Todas as acomoda\u00e7\u00f5es s\u00e3o localizadas muito pr\u00f3ximas a esta\u00e7\u00f5es de metr\u00f4 (Zona<\/p>\n<div class=\"read-more\"><a href=\"https:\/\/www.bbmag.co.uk\/pt-br\/accommodation-london\/\" title=\"Saiba mais\">Saiba mais<\/a><\/div>\n","protected":false},"author":72,"featured_media":8202,"parent":0,"menu_order":0,"comment_status":"closed","ping_status":"closed","template":"","meta":{"footnotes":""},"class_list":["post-8205","page","type-page","status-publish","has-post-thumbnail"],"jetpack-related-posts":[],"jetpack_sharing_enabled":true,"_links":{"self":[{"href":"https:\/\/www.bbmag.co.uk\/pt-br\/wp-json\/wp\/v2\/pages\/8205","targetHints":{"allow":["GET"]}}],"collection":[{"href":"https:\/\/www.bbmag.co.uk\/pt-br\/wp-json\/wp\/v2\/pages"}],"about":[{"href":"https:\/\/www.bbmag.co.uk\/pt-br\/wp-json\/wp\/v2\/types\/page"}],"author":[{"embeddable":true,"href":"https:\/\/www.bbmag.co.uk\/pt-br\/wp-json\/wp\/v2\/users\/72"}],"replies":[{"embeddable":true,"href":"https:\/\/www.bbmag.co.uk\/pt-br\/wp-json\/wp\/v2\/comments?post=8205"}],"version-history":[{"count":0,"href":"https:\/\/www.bbmag.co.uk\/pt-br\/wp-json\/wp\/v2\/pages\/8205\/revisions"}],"wp:featuredmedia":[{"embeddable":true,"href":"https:\/\/www.bbmag.co.uk\/pt-br\/wp-json\/wp\/v2\/media\/8202"}],"wp:attachment":[{"href":"https:\/\/www.bbmag.co.uk\/pt-br\/wp-json\/wp\/v2\/media?parent=8205"}],"curies":[{"name":"wp","href":"https:\/\/api.w.org\/{rel}","templated":true}]}}