{"id":8277,"date":"2016-09-08T17:57:26","date_gmt":"2016-09-08T16:57:26","guid":{"rendered":"http:\/\/www.bbmag.co.uk\/pt-br\/levo-trago\/"},"modified":"2016-11-28T17:59:03","modified_gmt":"2016-11-28T17:59:03","slug":"levo-trago","status":"publish","type":"page","link":"https:\/\/www.bbmag.co.uk\/pt-br\/levo-trago\/","title":{"rendered":"Levo &#038; Trago"},"content":{"rendered":"<h1 style=\"text-align: justify;\">Levo &amp; Trago<\/h1>\n<h3 style=\"text-align: justify;\">Fundada em 2001, a Levo &amp; Trago \u00e9 especializada em transporte de carga terrestre.<\/h3>\n<p style=\"text-align: justify;\">Para mudan\u00e7as particulares ou de empresas, habita\u00e7\u00f5es e\/ou escrit\u00f3rios, bens fr\u00e1geis ou que requeiram cuidados extras, a contrata\u00e7\u00e3o de seus servi\u00e7os \u00e9 a garantia de entregas r\u00e1pidas e satisfat\u00f3rias em qualquer lugar da Europa.<\/p>\n<p style=\"text-align: justify;\">Com sede em Portugal, a empresa tamb\u00e9m atua no Reino Unido, com pre\u00e7os amig\u00e1veis e oferece or\u00e7amentos gratuitos, sem compromisso.<\/p>\n<p style=\"text-align: justify;\">Al\u00e9m de transportes e mudan\u00e7as, a Levo &amp; Trago tamb\u00e9m trabalha com instala\u00e7\u00e3o de cozinhas, log\u00edstica, empacotamento de produtos, armazenamento, e importa\u00e7\u00e3o e exporta\u00e7\u00e3o de produtos nacionais e internacionais.<\/p>\n<p style=\"text-align: justify;\">O grande neg\u00f3cio da Levo &amp; Trago \u00e9 a sua satisfa\u00e7\u00e3o!<\/p>\n<div class=\"row cf\"><div class=\"column half\">\n<img decoding=\"async\" class=\"aligncenter wp-image-8133 size-full\" src=\"http:\/\/www.bbmag.co.uk\/wp-content\/uploads\/2016\/09\/levoetrago-4.png\" \/><br \/>\n<\/div><div class=\"column half\">\n<span style=\"color: #000000;\"><strong>LEVO &amp; TRAGO<\/strong><\/span><br \/>\n<strong>07955 373 690 (UK e Europa)<\/strong><br \/>\n<strong> 091 251 93 74 (Portugal)<\/strong><br \/>\n<i class=\"fa fa-facebook-square fa-2x\" style=\"color: blue;\"><\/i><span style=\"color: #0000ff;\"> levoetrago<\/span><br \/>\n<\/div><\/div>\n","protected":false},"excerpt":{"rendered":"<p>Levo &amp; Trago Fundada em 2001, a Levo &amp; Trago \u00e9 especializada em transporte de carga terrestre. Para mudan\u00e7as particulares ou de empresas, habita\u00e7\u00f5es e\/ou escrit\u00f3rios, bens fr\u00e1geis ou que requeiram cuidados extras, a contrata\u00e7\u00e3o de seus servi\u00e7os \u00e9 a garantia de entregas r\u00e1pidas e satisfat\u00f3rias em qualquer lugar da Europa. Com sede em Portugal,<\/p>\n<div class=\"read-more\"><a href=\"https:\/\/www.bbmag.co.uk\/pt-br\/levo-trago\/\" title=\"Saiba mais\">Saiba mais<\/a><\/div>\n","protected":false},"author":72,"featured_media":8411,"parent":0,"menu_order":0,"comment_status":"closed","ping_status":"closed","template":"","meta":{"footnotes":""},"class_list":["post-8277","page","type-page","status-publish","has-post-thumbnail"],"jetpack-related-posts":[],"jetpack_sharing_enabled":true,"_links":{"self":[{"href":"https:\/\/www.bbmag.co.uk\/pt-br\/wp-json\/wp\/v2\/pages\/8277","targetHints":{"allow":["GET"]}}],"collection":[{"href":"https:\/\/www.bbmag.co.uk\/pt-br\/wp-json\/wp\/v2\/pages"}],"about":[{"href":"https:\/\/www.bbmag.co.uk\/pt-br\/wp-json\/wp\/v2\/types\/page"}],"author":[{"embeddable":true,"href":"https:\/\/www.bbmag.co.uk\/pt-br\/wp-json\/wp\/v2\/users\/72"}],"replies":[{"embeddable":true,"href":"https:\/\/www.bbmag.co.uk\/pt-br\/wp-json\/wp\/v2\/comments?post=8277"}],"version-history":[{"count":0,"href":"https:\/\/www.bbmag.co.uk\/pt-br\/wp-json\/wp\/v2\/pages\/8277\/revisions"}],"wp:featuredmedia":[{"embeddable":true,"href":"https:\/\/www.bbmag.co.uk\/pt-br\/wp-json\/wp\/v2\/media\/8411"}],"wp:attachment":[{"href":"https:\/\/www.bbmag.co.uk\/pt-br\/wp-json\/wp\/v2\/media?parent=8277"}],"curies":[{"name":"wp","href":"https:\/\/api.w.org\/{rel}","templated":true}]}}