{"id":8281,"date":"2016-09-08T18:11:41","date_gmt":"2016-09-08T17:11:41","guid":{"rendered":"http:\/\/www.bbmag.co.uk\/pt-br\/?page_id=8281"},"modified":"2019-08-08T12:10:15","modified_gmt":"2019-08-08T11:10:15","slug":"steamond-travel","status":"publish","type":"page","link":"https:\/\/www.bbmag.co.uk\/pt-br\/steamond-travel\/","title":{"rendered":"Steamond Travel"},"content":{"rendered":"<h1 style=\"text-align: justify;\">Steamond Travel<\/h1>\n<h3 style=\"text-align: justify;\">Atuando desde 1973, a Steamond Travel \u00e9 uma ag\u00eancia de viagens especializada em Am\u00e9rica Latina.<\/h3>\n<p style=\"text-align: justify;\">A Steamond Travel sempre recomenda a melhor op\u00e7\u00e3o de viagem, os melhores passeios tur\u00edsticos e a hospedagem que atendam aos anseios dos seus clientes, gra\u00e7as ao seu vasto conhecimento em diversos destinos, que abrange desde o norte do M\u00e9xico at\u00e9 o Sul da Ant\u00e1rtida, passando, \u00e9 claro, pelo Brasil.<\/p>\n<p style=\"text-align: justify;\">Durante todos esses anos, a empresa j\u00e1 realizou a viagem dos sonhos de milhares de pessoas, sempre garantindo a melhor organiza\u00e7\u00e3o e os melhores pre\u00e7os e servi\u00e7os.<\/p>\n<p style=\"text-align: justify;\">Muitos dos seus funcion\u00e1rios, incluindo os do Reino Unido, s\u00e3o da Am\u00e9rica Latina e, al\u00e9m disso, ainda contam com a colabora\u00e7\u00e3o de diversos especialistas que residem nesses pa\u00edses e trabalham para a empresa.<\/p>\n<p>Ent\u00e3o lembre-se: pensou em Am\u00e9rica Latina, pensou em Steamond Travel!<\/p>\n<p><span style=\"color: #ffffff;\">&#8211;<\/span><br \/>\n<div class=\"row cf\"><div class=\"column one-third\">\n<img decoding=\"async\" class=\"size-full wp-image-8285 aligncenter\" src=\"http:\/\/www.bbmag.co.uk\/wp-content\/uploads\/2016\/09\/steamond.png\" alt=\"\" width=\"175\" height=\"94\" \/><br \/>\n<\/div><div class=\"column one-third\">\n<span style=\"color: #000000;\"><strong>STEAMOND TRAVEL<\/strong><\/span><br \/>\n<strong>23 Eccleston Street<\/strong><br \/>\n<strong> London SW1W 9LX<\/strong><br \/>\n<strong> 020 7730 8646<\/strong><br \/>\n<span style=\"color: #0000ff;\"><strong> <a style=\"color: #0000ff;\" href=\"http:\/\/www.steamondtravel.com\/\" target=\"_blank\" rel=\"noopener noreferrer\">www.steamondtravel.com<\/a><\/strong><\/span><br \/>\n<\/div><div class=\"column one-third\">\n<img decoding=\"async\" class=\"aligncenter wp-image-8133 size-full\" src=\"http:\/\/www.bbmag.co.uk\/wp-content\/uploads\/2016\/09\/atoliata.png\" \/><br \/>\n<\/div><\/div>\n","protected":false},"excerpt":{"rendered":"<p>Steamond Travel Atuando desde 1973, a Steamond Travel \u00e9 uma ag\u00eancia de viagens especializada em Am\u00e9rica Latina. A Steamond Travel sempre recomenda a melhor op\u00e7\u00e3o de viagem, os melhores passeios tur\u00edsticos e a hospedagem que atendam aos anseios dos seus clientes, gra\u00e7as ao seu vasto conhecimento em diversos destinos, que abrange desde o norte do<\/p>\n<div class=\"read-more\"><a href=\"https:\/\/www.bbmag.co.uk\/pt-br\/steamond-travel\/\" title=\"Saiba mais\">Saiba mais<\/a><\/div>\n","protected":false},"author":72,"featured_media":14753,"parent":0,"menu_order":0,"comment_status":"closed","ping_status":"closed","template":"","meta":{"footnotes":""},"class_list":["post-8281","page","type-page","status-publish","has-post-thumbnail"],"jetpack-related-posts":[],"jetpack_sharing_enabled":true,"_links":{"self":[{"href":"https:\/\/www.bbmag.co.uk\/pt-br\/wp-json\/wp\/v2\/pages\/8281","targetHints":{"allow":["GET"]}}],"collection":[{"href":"https:\/\/www.bbmag.co.uk\/pt-br\/wp-json\/wp\/v2\/pages"}],"about":[{"href":"https:\/\/www.bbmag.co.uk\/pt-br\/wp-json\/wp\/v2\/types\/page"}],"author":[{"embeddable":true,"href":"https:\/\/www.bbmag.co.uk\/pt-br\/wp-json\/wp\/v2\/users\/72"}],"replies":[{"embeddable":true,"href":"https:\/\/www.bbmag.co.uk\/pt-br\/wp-json\/wp\/v2\/comments?post=8281"}],"version-history":[{"count":0,"href":"https:\/\/www.bbmag.co.uk\/pt-br\/wp-json\/wp\/v2\/pages\/8281\/revisions"}],"wp:featuredmedia":[{"embeddable":true,"href":"https:\/\/www.bbmag.co.uk\/pt-br\/wp-json\/wp\/v2\/media\/14753"}],"wp:attachment":[{"href":"https:\/\/www.bbmag.co.uk\/pt-br\/wp-json\/wp\/v2\/media?parent=8281"}],"curies":[{"name":"wp","href":"https:\/\/api.w.org\/{rel}","templated":true}]}}