{"id":8305,"date":"2016-09-08T18:22:29","date_gmt":"2016-09-08T17:22:29","guid":{"rendered":"http:\/\/www.bbmag.co.uk\/pt-br\/star-travel\/"},"modified":"2016-11-25T14:40:06","modified_gmt":"2016-11-25T14:40:06","slug":"star-travel","status":"publish","type":"page","link":"https:\/\/www.bbmag.co.uk\/pt-br\/star-travel\/","title":{"rendered":"Star Travel"},"content":{"rendered":"<h1 style=\"text-align: justify;\">Star Travel<\/h1>\n<h3 style=\"text-align: justify;\">A Ag\u00eancia de Viagens Star Travel \u00e9 uma empresa que oferece um servi\u00e7o completo de viagens em todo o mundo, em especial para a Am\u00e9rica do Sul.<\/h3>\n<p style=\"text-align: justify;\">A empresa \u00e9 familiar e foi criada h\u00e1 30 anos em Ealing, Londres. Com um servi\u00e7o de qualidade e prest\u00edgio, a Star Travel garante a total satisfa\u00e7\u00e3o do cliente e se orgulha de ser lembrada assim.<\/p>\n<p style=\"text-align: justify;\">Com profissionais fluentes em diversas l\u00ednguas como o Italiano, Espanhol, Portugu\u00eas e Ingl\u00eas, e movidos pela paix\u00e3o pelo que fazem, a Star Travel se empenha para que voc\u00ea fa\u00e7a a melhor viagem poss\u00edvel, proporcionando todo e qualquer apoio para eventuais problemas.<\/p>\n<p style=\"text-align: justify;\">Reserve com confian\u00e7a, realize seu sonho e boa viagem!<\/p>\n<p style=\"text-align: justify;\">A Star Travel \u00e9 uma das parceiras e apoiadoras da BBMag.<br \/>\n<div class=\"row cf\"><div class=\"column one-third\">\n<img decoding=\"async\" class=\"aligncenter wp-image-8133 \" src=\"http:\/\/www.bbmag.co.uk\/wp-content\/uploads\/2016\/09\/startravel.png\" width=\"176\" height=\"127\" \/><br \/>\n<\/div><div class=\"column one-third\">\n<span style=\"color: #000000;\"><strong>STAR TRAVEL<\/strong><\/span><br \/>\n<strong>3 Boileau Parade, North Ealing<\/strong><br \/>\n<strong> London W5 3AQ<\/strong><br \/>\n<strong> 020 8998 2931<\/strong><br \/>\n<span style=\"color: #0000ff;\"><strong> <a style=\"color: #0000ff;\" href=\"http:\/\/www.startravel.co.uk\/\" target=\"_blank\">www.startravel.co.uk<\/a><\/strong><\/span><br \/>\n<\/div><div class=\"column one-third\">\n<img decoding=\"async\" class=\"aligncenter wp-image-8133 size-full\" src=\"http:\/\/www.bbmag.co.uk\/wp-content\/uploads\/2016\/09\/atoliata.png\" \/><br \/>\n<\/div><\/div>\n","protected":false},"excerpt":{"rendered":"<p>Star Travel A Ag\u00eancia de Viagens Star Travel \u00e9 uma empresa que oferece um servi\u00e7o completo de viagens em todo o mundo, em especial para a Am\u00e9rica do Sul. A empresa \u00e9 familiar e foi criada h\u00e1 30 anos em Ealing, Londres. Com um servi\u00e7o de qualidade e prest\u00edgio, a Star Travel garante a total<\/p>\n<div class=\"read-more\"><a href=\"https:\/\/www.bbmag.co.uk\/pt-br\/star-travel\/\" title=\"Saiba mais\">Saiba mais<\/a><\/div>\n","protected":false},"author":72,"featured_media":8301,"parent":0,"menu_order":0,"comment_status":"closed","ping_status":"closed","template":"","meta":{"footnotes":""},"class_list":["post-8305","page","type-page","status-publish","has-post-thumbnail"],"jetpack-related-posts":[],"jetpack_sharing_enabled":true,"_links":{"self":[{"href":"https:\/\/www.bbmag.co.uk\/pt-br\/wp-json\/wp\/v2\/pages\/8305","targetHints":{"allow":["GET"]}}],"collection":[{"href":"https:\/\/www.bbmag.co.uk\/pt-br\/wp-json\/wp\/v2\/pages"}],"about":[{"href":"https:\/\/www.bbmag.co.uk\/pt-br\/wp-json\/wp\/v2\/types\/page"}],"author":[{"embeddable":true,"href":"https:\/\/www.bbmag.co.uk\/pt-br\/wp-json\/wp\/v2\/users\/72"}],"replies":[{"embeddable":true,"href":"https:\/\/www.bbmag.co.uk\/pt-br\/wp-json\/wp\/v2\/comments?post=8305"}],"version-history":[{"count":0,"href":"https:\/\/www.bbmag.co.uk\/pt-br\/wp-json\/wp\/v2\/pages\/8305\/revisions"}],"wp:featuredmedia":[{"embeddable":true,"href":"https:\/\/www.bbmag.co.uk\/pt-br\/wp-json\/wp\/v2\/media\/8301"}],"wp:attachment":[{"href":"https:\/\/www.bbmag.co.uk\/pt-br\/wp-json\/wp\/v2\/media?parent=8305"}],"curies":[{"name":"wp","href":"https:\/\/api.w.org\/{rel}","templated":true}]}}