{"id":8314,"date":"2016-09-08T18:29:15","date_gmt":"2016-09-08T17:29:15","guid":{"rendered":"http:\/\/www.bbmag.co.uk\/pt-br\/brightsun-travel\/"},"modified":"2016-09-21T19:35:36","modified_gmt":"2016-09-21T18:35:36","slug":"brightsun-travel","status":"publish","type":"page","link":"https:\/\/www.bbmag.co.uk\/pt-br\/brightsun-travel\/","title":{"rendered":"Brightsun Travel"},"content":{"rendered":"<div class=\"row cf\"><div class=\"column one-third\">\n<img decoding=\"async\" class=\"aligncenter wp-image-9274 \" src=\"http:\/\/www.bbmag.co.uk\/wp-content\/uploads\/2016\/09\/205864-BrightsunLogo-300x122.jpg\" width=\"231\" height=\"94\" \/><br \/>\n<\/div><div class=\"column one-third\">\n<span style=\"color: #000000;\"><strong>BRIGHTSUN TRAVEL<\/strong><\/span><br \/>\n14 Hanworth Road, Hounslow<br \/>\nMiddx TW3 1UA<br \/>\n020 8819 1427<br \/>\n<a href=\"http:\/\/www.brightsun.co.uk\/\" target=\"_blank\">www.brightsun.co.uk<\/a><br \/>\n<\/div><div class=\"column one-third\">\n<img decoding=\"async\" class=\"aligncenter wp-image-8133 size-full\" src=\"http:\/\/www.bbmag.co.uk\/wp-content\/uploads\/2016\/09\/atoliata.png\" \/><br \/>\n<\/div><\/div>\n<p>A Brightsun Travel \u00e9 uma empresa familiar fundada em 1986 a partir do \u00edmpeto empresarial do casal Sr. e Sra. Nangla. Em um pequeno escrit\u00f3rio no Soho, eles come\u00e7aram a sua pr\u00f3pria empresa de viagens com apenas tr\u00eas funcion\u00e1rios e um \u00fanico digitador. Ao longo de tr\u00eas d\u00e9cadas o neg\u00f3cio cresceu e hoje emprega cerca de 200 pessoas em escrit\u00f3rios no Reino Unido e na \u00cdndia.<\/p>\n<p>O ano de 2016 teve um valor especial para a Brightsun Travel. Al\u00e9m de celebrar os seus 30 anos, a empresa recebeu o reconhecimento da Bolsa de Valores de Londres pelo Segundo ano consecutivo como uma das 100 empresas mais inspiradoras do pa\u00eds.<\/p>\n<p>Crescer no mercado latinoamericano \u00e9 um dos objetivos principais da empresa, que recentemente recrutou dois agentes nativos do continente ao seu time global. Como membra da LATA (Associa\u00e7\u00e3o de Turismo da Am\u00e9rica Latina) e em parceria com companhias a\u00e9reas como LATAM, TAP Portugal, AeroMexico e British Airways, a Brightsun Travel est\u00e1 por dentro das mais recentes tend\u00eancias no setor, oferecendo tarifas extremamente competitivas, roteiros personalizados e atendimento 24h ao consumidor.<\/p>\n","protected":false},"excerpt":{"rendered":"<p>A Brightsun Travel \u00e9 uma empresa familiar fundada em 1986 a partir do \u00edmpeto empresarial do casal Sr. e Sra. Nangla. Em um pequeno escrit\u00f3rio no Soho, eles come\u00e7aram a sua pr\u00f3pria empresa de viagens com apenas tr\u00eas funcion\u00e1rios e um \u00fanico digitador. Ao longo de tr\u00eas d\u00e9cadas o neg\u00f3cio cresceu e hoje emprega cerca<\/p>\n<div class=\"read-more\"><a href=\"https:\/\/www.bbmag.co.uk\/pt-br\/brightsun-travel\/\" title=\"Saiba mais\">Saiba mais<\/a><\/div>\n","protected":false},"author":72,"featured_media":8311,"parent":0,"menu_order":0,"comment_status":"closed","ping_status":"closed","template":"","meta":{"footnotes":""},"class_list":["post-8314","page","type-page","status-publish","has-post-thumbnail"],"jetpack-related-posts":[],"jetpack_sharing_enabled":true,"_links":{"self":[{"href":"https:\/\/www.bbmag.co.uk\/pt-br\/wp-json\/wp\/v2\/pages\/8314","targetHints":{"allow":["GET"]}}],"collection":[{"href":"https:\/\/www.bbmag.co.uk\/pt-br\/wp-json\/wp\/v2\/pages"}],"about":[{"href":"https:\/\/www.bbmag.co.uk\/pt-br\/wp-json\/wp\/v2\/types\/page"}],"author":[{"embeddable":true,"href":"https:\/\/www.bbmag.co.uk\/pt-br\/wp-json\/wp\/v2\/users\/72"}],"replies":[{"embeddable":true,"href":"https:\/\/www.bbmag.co.uk\/pt-br\/wp-json\/wp\/v2\/comments?post=8314"}],"version-history":[{"count":0,"href":"https:\/\/www.bbmag.co.uk\/pt-br\/wp-json\/wp\/v2\/pages\/8314\/revisions"}],"wp:featuredmedia":[{"embeddable":true,"href":"https:\/\/www.bbmag.co.uk\/pt-br\/wp-json\/wp\/v2\/media\/8311"}],"wp:attachment":[{"href":"https:\/\/www.bbmag.co.uk\/pt-br\/wp-json\/wp\/v2\/media?parent=8314"}],"curies":[{"name":"wp","href":"https:\/\/api.w.org\/{rel}","templated":true}]}}