{"id":8338,"date":"2016-09-08T18:44:35","date_gmt":"2016-09-08T17:44:35","guid":{"rendered":"http:\/\/www.bbmag.co.uk\/pt-br\/visto-a-vista\/"},"modified":"2019-08-08T11:47:43","modified_gmt":"2019-08-08T10:47:43","slug":"visto-a-vista","status":"publish","type":"page","link":"https:\/\/www.bbmag.co.uk\/pt-br\/visto-a-vista\/","title":{"rendered":"Visto \u00e0 vista"},"content":{"rendered":"<h1>Visto \u00e0 vista<\/h1>\n<p>Criada por Patr\u00edcia Pepper, que possui uma vasta experi\u00eancia no ramo, a Visto \u00e0 Vista \u00e9 uma empresa especializada na \u00e1rea de imigra\u00e7\u00e3o, com \u00eanfase em vistos para a Inglaterra.<\/p>\n<p style=\"text-align: justify;\">Com o compromisso de garantir plenamente os interesses e o bem-estar de cada cliente, Visto \u00e0 Vista oferece uma consultoria de imigra\u00e7\u00e3o de qualidade \u00edmpar e que atende \u00e0s necessidades de todos, com o intuito de proporcionar um servi\u00e7o atencioso e de excepcional profissionalismo.<\/p>\n<p style=\"text-align: justify;\">Sempre procurando uma pol\u00edtica transparente e que garanta a confidencialidade da empresa e de cada cliente, a Visto \u00e0 Vista est\u00e1 comprometida em lidar com as informa\u00e7\u00f5es e os documentos dos clientes de forma respons\u00e1vel.<\/p>\n<p>Na Visto \u00e0 Vista voc\u00ea pode confiar!<\/p>\n<p>&#8211;<\/p>\n<div class=\"row cf\"><div class=\"column half\">\n<img decoding=\"async\" class=\"size-full wp-image-15458 aligncenter\" src=\"http:\/\/www.bbmag.co.uk\/wp-content\/uploads\/2016\/09\/visto-a-vista.png\" alt=\"\" width=\"188\" height=\"122\" \/><br \/>\n<\/div><div class=\"column half\">\n<\/div><div class=\"column half\">\n<span style=\"color: #000000;\"><strong>VISTO \u00c0 VISTA<\/strong><\/span><br \/>\n<strong>54A Orpington Road, Winchmore Hill<\/strong><br \/>\n<strong> London N21 3PG<\/strong><br \/>\n<strong> 07903 595 649\/ 07575 878 578<\/strong><br \/>\n<span style=\"color: #0000ff;\"><strong> <a style=\"color: #0000ff;\" href=\"http:\/\/www.vistoavista.co.uk\/\" target=\"_blank\" rel=\"noopener noreferrer\">www.vistoavista.co.uk<\/a><\/strong><\/span><br \/>\n<\/div><\/div>\n","protected":false},"excerpt":{"rendered":"<p>Visto \u00e0 vista Criada por Patr\u00edcia Pepper, que possui uma vasta experi\u00eancia no ramo, a Visto \u00e0 Vista \u00e9 uma empresa especializada na \u00e1rea de imigra\u00e7\u00e3o, com \u00eanfase em vistos para a Inglaterra. Com o compromisso de garantir plenamente os interesses e o bem-estar de cada cliente, Visto \u00e0 Vista oferece uma consultoria de imigra\u00e7\u00e3o<\/p>\n<div class=\"read-more\"><a href=\"https:\/\/www.bbmag.co.uk\/pt-br\/visto-a-vista\/\" title=\"Saiba mais\">Saiba mais<\/a><\/div>\n","protected":false},"author":72,"featured_media":8332,"parent":0,"menu_order":0,"comment_status":"closed","ping_status":"closed","template":"","meta":{"footnotes":""},"class_list":["post-8338","page","type-page","status-publish","has-post-thumbnail"],"jetpack-related-posts":[],"jetpack_sharing_enabled":true,"_links":{"self":[{"href":"https:\/\/www.bbmag.co.uk\/pt-br\/wp-json\/wp\/v2\/pages\/8338","targetHints":{"allow":["GET"]}}],"collection":[{"href":"https:\/\/www.bbmag.co.uk\/pt-br\/wp-json\/wp\/v2\/pages"}],"about":[{"href":"https:\/\/www.bbmag.co.uk\/pt-br\/wp-json\/wp\/v2\/types\/page"}],"author":[{"embeddable":true,"href":"https:\/\/www.bbmag.co.uk\/pt-br\/wp-json\/wp\/v2\/users\/72"}],"replies":[{"embeddable":true,"href":"https:\/\/www.bbmag.co.uk\/pt-br\/wp-json\/wp\/v2\/comments?post=8338"}],"version-history":[{"count":0,"href":"https:\/\/www.bbmag.co.uk\/pt-br\/wp-json\/wp\/v2\/pages\/8338\/revisions"}],"wp:featuredmedia":[{"embeddable":true,"href":"https:\/\/www.bbmag.co.uk\/pt-br\/wp-json\/wp\/v2\/media\/8332"}],"wp:attachment":[{"href":"https:\/\/www.bbmag.co.uk\/pt-br\/wp-json\/wp\/v2\/media?parent=8338"}],"curies":[{"name":"wp","href":"https:\/\/api.w.org\/{rel}","templated":true}]}}