{"id":8478,"date":"2016-09-12T13:18:12","date_gmt":"2016-09-12T12:18:12","guid":{"rendered":"http:\/\/www.bbmag.co.uk\/pt-br\/london-help4u\/"},"modified":"2016-09-21T21:10:49","modified_gmt":"2016-09-21T20:10:49","slug":"london-help4u","status":"publish","type":"page","link":"https:\/\/www.bbmag.co.uk\/pt-br\/london-help4u\/","title":{"rendered":"London Help4U"},"content":{"rendered":"<div class=\"row cf\"><div class=\"column one-third\">\n<img decoding=\"async\" class=\"aligncenter wp-image-8133 \" src=\"http:\/\/www.bbmag.co.uk\/wp-content\/uploads\/2016\/09\/londonhelp4u.png\" width=\"297\" height=\"51\" \/><br \/>\n<\/div><div class=\"column two-third\">\n<span style=\"color: #000000;\"><strong>LONDON HELP4U<\/strong><\/span><br \/>\n28A Queensway<br \/>\nLondon W2 3RX<br \/>\n020 7636 8500 (United Kingdom)<br \/>\n011 3283 0906 (Brazil)<br \/>\n<a href=\"http:\/\/www.londonhelp4u.co.uk\/\" target=\"_blank\">www.londonhelp4u.co.uk<\/a><br \/>\n<\/div><\/div>\n<p>A LondonHelp4U \u00e9 uma empresa de imigra\u00e7\u00e3o com mais de 15 anos de sucesso atrav\u00e9s da miss\u00e3o de ajudar pessoas, fam\u00edlias e empresas a terem um processo de visto bem sucedido.<\/p>\n<p>A empresa \u00e9 membro do Bar Council e reconhecida por institui\u00e7\u00f5es que controlam e regulam a imigra\u00e7\u00e3o no Reino Unido, como o Office of The Immigration Services Comissioner (OISC), regida pelo The Immigration Asylum Act 1999, o Immigration Law Practitioners Association (ILPA) e o Joint Council for the Welfare of Immigrants (JCWI).<\/p>\n<p>A empresa oferece grandes benef\u00edcios como pre\u00e7os fixos para consultas e aplica\u00e7\u00f5es sem cobran\u00e7a de taxas escondidas e sem surpresas ao longo do processo, servi\u00e7os r\u00e1pidos, eficientes e personalizados de acordo com as necessidades do cliente, com consultas em diversos idiomas, pessoalmente, por Skype ou por telefone, a qualquer hora.<\/p>\n<p>A empresa tamb\u00e9m oferece a garantia do \u201cseu visto na m\u00e3o ou seu dinheiro de volta\u201d, sujeita \u00e0 elegibilidade a ser informada pelo consultor, dependendo do tipo de aplica\u00e7\u00e3o.<\/p>\n","protected":false},"excerpt":{"rendered":"<p>A LondonHelp4U \u00e9 uma empresa de imigra\u00e7\u00e3o com mais de 15 anos de sucesso atrav\u00e9s da miss\u00e3o de ajudar pessoas, fam\u00edlias e empresas a terem um processo de visto bem sucedido. A empresa \u00e9 membro do Bar Council e reconhecida por institui\u00e7\u00f5es que controlam e regulam a imigra\u00e7\u00e3o no Reino Unido, como o Office of<\/p>\n<div class=\"read-more\"><a href=\"https:\/\/www.bbmag.co.uk\/pt-br\/london-help4u\/\" title=\"Saiba mais\">Saiba mais<\/a><\/div>\n","protected":false},"author":72,"featured_media":8475,"parent":0,"menu_order":0,"comment_status":"closed","ping_status":"closed","template":"","meta":{"footnotes":""},"class_list":["post-8478","page","type-page","status-publish","has-post-thumbnail"],"jetpack-related-posts":[],"jetpack_sharing_enabled":true,"_links":{"self":[{"href":"https:\/\/www.bbmag.co.uk\/pt-br\/wp-json\/wp\/v2\/pages\/8478","targetHints":{"allow":["GET"]}}],"collection":[{"href":"https:\/\/www.bbmag.co.uk\/pt-br\/wp-json\/wp\/v2\/pages"}],"about":[{"href":"https:\/\/www.bbmag.co.uk\/pt-br\/wp-json\/wp\/v2\/types\/page"}],"author":[{"embeddable":true,"href":"https:\/\/www.bbmag.co.uk\/pt-br\/wp-json\/wp\/v2\/users\/72"}],"replies":[{"embeddable":true,"href":"https:\/\/www.bbmag.co.uk\/pt-br\/wp-json\/wp\/v2\/comments?post=8478"}],"version-history":[{"count":0,"href":"https:\/\/www.bbmag.co.uk\/pt-br\/wp-json\/wp\/v2\/pages\/8478\/revisions"}],"wp:featuredmedia":[{"embeddable":true,"href":"https:\/\/www.bbmag.co.uk\/pt-br\/wp-json\/wp\/v2\/media\/8475"}],"wp:attachment":[{"href":"https:\/\/www.bbmag.co.uk\/pt-br\/wp-json\/wp\/v2\/media?parent=8478"}],"curies":[{"name":"wp","href":"https:\/\/api.w.org\/{rel}","templated":true}]}}