{"id":9415,"date":"2016-09-20T20:11:51","date_gmt":"2016-09-20T19:11:51","guid":{"rendered":"http:\/\/www.bbmag.co.uk\/pt-br\/?page_id=9415"},"modified":"2019-08-08T12:03:10","modified_gmt":"2019-08-08T11:03:10","slug":"kings-college-london","status":"publish","type":"page","link":"https:\/\/www.bbmag.co.uk\/pt-br\/kings-college-london\/","title":{"rendered":"KING&#8217;S COLLEGE LONDON"},"content":{"rendered":"<h1>KING&#8217;S COLLEGE LONDON<\/h1>\n<h3><strong><u>Mestrado em Perspectiva Global do Brasil<\/u><\/strong><\/h3>\n<p style=\"text-align: justify;\">O Mestrado em Perspectiva Global do Brasil, oferecido pelo King\u2019s Brazil Institute, \u00e9 o primeiro com treinamento multidisciplinar de alto n\u00edvel sobre a an\u00e1lise do Brasil contempor\u00e2neo e seu lugar no cen\u00e1rio global. O programa oferece ao estudante conhecimentos consistentes para a compreens\u00e3o das mudan\u00e7as recentes no Brasil e dos impactos do desenvolvimento social, econ\u00f4mico e politico do pa\u00eds. A proposta se diferencia de outras da \u00e1rea por oferecer a an\u00e1lise completa de quest\u00f5es que n\u00e3o s\u00f3 dizem respeito ao Brasil, mas que tamb\u00e9m podem ser aplicadas a diferentes regi\u00f5es e pa\u00edses ao redor do mundo, como: industrializa\u00e7\u00e3o, urbaniza\u00e7\u00e3o, crescimento econ\u00f4mico e globaliza\u00e7\u00e3o, movimentos de direitos civis, politicos e econ\u00f4micos; reformas pol\u00edticas e constitucionais e mudan\u00e7as na esfera social e cultural.<\/p>\n<p><span style=\"color: #ffffff;\">&#8211;<\/span><\/p>\n<div class=\"row cf\"><div class=\"column half\">\n<p><img decoding=\"async\" class=\"size-full wp-image-15474 aligncenter\" src=\"http:\/\/www.bbmag.co.uk\/wp-content\/uploads\/2016\/09\/BIO-Kings-College-London_logo.jpg\" alt=\"\" width=\"189\" height=\"143\" \/><\/p>\n<p><span style=\"font-size: 14px;\"><\/div><div class=\"column half\">\n<span style=\"color: #000000;\"><strong>KING&#8217;S COLLEGE LONDON<\/strong><\/span><br \/>\n<strong>King&#8217;s Brazil Institute, Strand<\/strong><br \/>\n<strong> London WC2R 2LS<\/strong><br \/>\n<strong> 020 7848 2542<\/strong><br \/>\n<span style=\"color: #0000ff;\"><strong><a href=\"https:\/\/www.kcl.ac.uk\/kbi\" target=\"_blank\" rel=\"noopener noreferrer\">www.kcl.ac.uk\/kbi<\/a><\/strong><\/span><br \/>\n<strong> <\/div><\/div>\n","protected":false},"excerpt":{"rendered":"<p>KING&#8217;S COLLEGE LONDON Mestrado em Perspectiva Global do Brasil O Mestrado em Perspectiva Global do Brasil, oferecido pelo King\u2019s Brazil Institute, \u00e9 o primeiro com treinamento multidisciplinar de alto n\u00edvel sobre a an\u00e1lise do Brasil contempor\u00e2neo e seu lugar no cen\u00e1rio global. O programa oferece ao estudante conhecimentos consistentes para a compreens\u00e3o das mudan\u00e7as recentes<\/p>\n<div class=\"read-more\"><a href=\"https:\/\/www.bbmag.co.uk\/pt-br\/kings-college-london\/\" title=\"Saiba mais\">Saiba mais<\/a><\/div>\n","protected":false},"author":72,"featured_media":15477,"parent":0,"menu_order":0,"comment_status":"closed","ping_status":"closed","template":"","meta":{"footnotes":""},"class_list":["post-9415","page","type-page","status-publish","has-post-thumbnail"],"jetpack-related-posts":[],"jetpack_sharing_enabled":true,"_links":{"self":[{"href":"https:\/\/www.bbmag.co.uk\/pt-br\/wp-json\/wp\/v2\/pages\/9415","targetHints":{"allow":["GET"]}}],"collection":[{"href":"https:\/\/www.bbmag.co.uk\/pt-br\/wp-json\/wp\/v2\/pages"}],"about":[{"href":"https:\/\/www.bbmag.co.uk\/pt-br\/wp-json\/wp\/v2\/types\/page"}],"author":[{"embeddable":true,"href":"https:\/\/www.bbmag.co.uk\/pt-br\/wp-json\/wp\/v2\/users\/72"}],"replies":[{"embeddable":true,"href":"https:\/\/www.bbmag.co.uk\/pt-br\/wp-json\/wp\/v2\/comments?post=9415"}],"version-history":[{"count":0,"href":"https:\/\/www.bbmag.co.uk\/pt-br\/wp-json\/wp\/v2\/pages\/9415\/revisions"}],"wp:featuredmedia":[{"embeddable":true,"href":"https:\/\/www.bbmag.co.uk\/pt-br\/wp-json\/wp\/v2\/media\/15477"}],"wp:attachment":[{"href":"https:\/\/www.bbmag.co.uk\/pt-br\/wp-json\/wp\/v2\/media?parent=9415"}],"curies":[{"name":"wp","href":"https:\/\/api.w.org\/{rel}","templated":true}]}}